{"id":3038,"date":"2025-11-08T11:11:18","date_gmt":"2025-11-08T09:11:18","guid":{"rendered":"https:\/\/visiongarage.ro\/?post_type=product&#038;p=3038"},"modified":"2025-12-27T16:24:41","modified_gmt":"2025-12-27T14:24:41","slug":"reset-isn-cutie-bmw-egs-2ab6-2ab2-serviciu","status":"publish","type":"product","link":"http:\/\/visiongarage.ro\/en\/product\/reset-isn-cutie-bmw-egs-2ab6-2ab2-serviciu\/","title":{"rendered":"Reset ISN BMW EGS Box 2AB6 \/ 2AB2 (Remote Service)"},"content":{"rendered":"<p data-start=\"958\" data-end=\"1292\">service <strong data-start=\"968\" data-end=\"1007\">Reset ISN Box BMW EGS 2AB6 \/ 2AB2<\/strong> offered by <strong data-start=\"1018\" data-end=\"1034\">VisionGarage<\/strong> allows complete synchronization between <strong data-start=\"1072\" data-end=\"1086\">DME and EGS<\/strong>, restoring correct communication between the engine and the gearbox, without requiring disassembly of the unit.<br data-start=\"1178\" data-end=\"1181\" \/>The intervention is carried out <strong data-start=\"1207\" data-end=\"1222\">remotely<\/strong>, quickly and safely, by certified VisionGarage technicians.<\/p>\n<hr data-start=\"1294\" data-end=\"1297\" \/>\n<h3 data-start=\"1299\" data-end=\"1336\"><strong data-start=\"1306\" data-end=\"1336\">How the procedure works<\/strong><\/h3>\n<p data-start=\"1337\" data-end=\"1788\">\u00a0The client reads the files <strong data-start=\"1368\" data-end=\"1378\">EEPROM<\/strong> from the EGS module (with MultiProg, PCMFlash, Flex, CMD or similar equipment).<br data-start=\"1456\" data-end=\"1459\" \/>\u00a0Send the files to VisionGarage along with the VIN and a brief description of the problem.<br data-start=\"1553\" data-end=\"1556\" \/>\u00a0After verification, a session is established <strong data-start=\"1601\" data-end=\"1623\">remote (via ENET)<\/strong>.<br data-start=\"1624\" data-end=\"1627\" \/>\u00a0It is carried out <strong data-start=\"1645\" data-end=\"1666\">Reset ISN completely<\/strong> and checking error codes.<br data-start=\"1698\" data-end=\"1701\" \/>\u00a0The customer confirms that the engine is started and the gearbox is operating within normal parameters.<\/p>\n<hr data-start=\"1790\" data-end=\"1793\" \/>\n<h3 data-start=\"1795\" data-end=\"1828\"><strong data-start=\"1802\" data-end=\"1828\">Compatible BMW models<\/strong><\/h3>\n<p data-start=\"1829\" data-end=\"1878\">\u00a0F and G series equipped with transmissions <strong data-start=\"1867\" data-end=\"1877\">ZF 8HP<\/strong>:<\/p>\n<ul data-start=\"1879\" data-end=\"2138\">\n<li data-start=\"1879\" data-end=\"1912\">\n<p data-start=\"1881\" data-end=\"1912\">BMW F10 \/ F11 \/ F07 \u2013 5 Series<\/p>\n<\/li>\n<li data-start=\"1913\" data-end=\"1940\">\n<p data-start=\"1915\" data-end=\"1940\">BMW F30 \/ F31 \u2013 3 Series<\/p>\n<\/li>\n<li data-start=\"1941\" data-end=\"1968\">\n<p data-start=\"1943\" data-end=\"1968\">BMW F32 \/ F33 \u2013 4 Series<\/p>\n<\/li>\n<li data-start=\"1969\" data-end=\"1996\">\n<p data-start=\"1971\" data-end=\"1996\">BMW F15 \/ F16 \u2013 X5 \/ X6<\/p>\n<\/li>\n<li data-start=\"1997\" data-end=\"2024\">\n<p data-start=\"1999\" data-end=\"2024\">BMW G30 \/ G31 \u2013 5 Series<\/p>\n<\/li>\n<li data-start=\"2025\" data-end=\"2052\">\n<p data-start=\"2027\" data-end=\"2052\">BMW G11 \/ G12 \u2013 7 Series<\/p>\n<\/li>\n<li data-start=\"2053\" data-end=\"2080\">\n<p data-start=\"2055\" data-end=\"2080\">BMW G20 \/ G21 \u2013 3 Series<\/p>\n<\/li>\n<li data-start=\"2081\" data-end=\"2113\">\n<p data-start=\"2083\" data-end=\"2113\">BMW X3 G01 \/ X4 G02 \/ X5 G05<\/p>\n<\/li>\n<li data-start=\"2114\" data-end=\"2138\">\n<p data-start=\"2116\" data-end=\"2138\">MINI F56 (8HP adapted)<\/p>\n<\/li>\n<\/ul>\n<hr data-start=\"2140\" data-end=\"2143\" \/>\n<h3 data-start=\"2145\" data-end=\"2177\"><strong data-start=\"2152\" data-end=\"2177\">Customer requirements<\/strong><\/h3>\n<ul data-start=\"2178\" data-end=\"2415\">\n<li data-start=\"2178\" data-end=\"2211\">\n<p data-start=\"2180\" data-end=\"2211\">Laptop with <strong data-start=\"2190\" data-end=\"2209\">Windows 10 \/ 11<\/strong><\/p>\n<\/li>\n<li data-start=\"2212\" data-end=\"2247\">\n<p data-start=\"2214\" data-end=\"2247\">Cable <strong data-start=\"2220\" data-end=\"2245\">ENET (OEM recommended)<\/strong><\/p>\n<\/li>\n<li data-start=\"2248\" data-end=\"2292\">\n<p data-start=\"2250\" data-end=\"2292\"><strong data-start=\"2250\" data-end=\"2290\">Voltage stabilizer 13.8V \/ 30A<\/strong><\/p>\n<\/li>\n<li data-start=\"2293\" data-end=\"2349\">\n<p data-start=\"2295\" data-end=\"2349\">Connection <strong data-start=\"2305\" data-end=\"2326\">via router \/ LAN<\/strong> (NO hotspot, NO SIM)<\/p>\n<\/li>\n<li data-start=\"2388\" data-end=\"2415\">\n<p data-start=\"2390\" data-end=\"2415\">VIN + symptom description<\/p>\n<\/li>\n<\/ul>\n<hr data-start=\"2417\" data-end=\"2420\" \/>\n<h3 data-start=\"2422\" data-end=\"2446\"><strong data-start=\"2429\" data-end=\"2446\">Service price<\/strong><\/h3>\n<p data-start=\"2447\" data-end=\"2548\"><strong data-start=\"2447\" data-end=\"2461\">600 lei (fixed)<\/strong><br data-start=\"2461\" data-end=\"2464\" \/>The service is performed only after payment confirmation and remote session scheduling.<\/p>\n<hr data-start=\"2550\" data-end=\"2553\" \/>\n<h3 data-start=\"2555\" data-end=\"2595\">\u26a0\ufe0f <strong data-start=\"2562\" data-end=\"2595\">Disclaimer<\/strong><\/h3>\n<p data-start=\"2596\" data-end=\"2737\">VisionGarage is an independent car service, with no affiliation with BMW AG or ZF Friedrichshafen.<br data-start=\"2690\" data-end=\"2693\" \/>The customer is solely responsible for:<\/p>\n<ul data-start=\"2738\" data-end=\"2859\">\n<li data-start=\"2738\" data-end=\"2780\">\n<p data-start=\"2740\" data-end=\"2780\">transmission module compatibility;<\/p>\n<\/li>\n<li data-start=\"2781\" data-end=\"2819\">\n<p data-start=\"2783\" data-end=\"2819\">the correctness of the files sent;<\/p>\n<\/li>\n<li data-start=\"2820\" data-end=\"2859\">\n<p data-start=\"2822\" data-end=\"2859\">the legality of using the vehicle.<\/p>\n<\/li>\n<\/ul>\n<p data-start=\"2861\" data-end=\"3007\">VisionGarage does not provide instructions for replicating the procedure and does not guarantee the operation of physically damaged or electronically corrupted drives.<\/p>","protected":false},"excerpt":{"rendered":"<p>Serviciul Reset ISN Cutie BMW EGS 2AB6 \/ 2AB2 oferit de VisionGarage permite sincronizarea complet\u0103 \u00eentre DME \u0219i EGS, restabilind comunica\u021bia corect\u0103 \u00eentre motor \u0219i cutie, f\u0103r\u0103 a necesita demontarea unit\u0103\u021bii.Interven\u021bia se realizeaz\u0103 la distan\u021b\u0103, rapid \u0219i \u00een siguran\u021b\u0103, de c\u0103tre tehnicieni certifica\u021bi VisionGarage. Cum func\u021bioneaz\u0103 procedura \u00a0Clientul cite\u0219te fi\u0219ierele EEPROM din modulul EGS (cu [&hellip;]<\/p>","protected":false},"featured_media":3437,"template":"","meta":[],"product_brand":[],"product_cat":[310],"product_tag":[725,724,727,732,731,723,735,728,729,737,733,736,726,730,734],"class_list":{"0":"post-3038","1":"product","2":"type-product","3":"status-publish","4":"has-post-thumbnail","6":"product_cat-servicii-la-distanta","7":"product_tag-bmw-2ab2-error","8":"product_tag-bmw-2ab6-fix","9":"product_tag-bmw-egs-8hp-sync","10":"product_tag-bmw-egs-dme-synchronization","11":"product_tag-bmw-egs-module-reset","12":"product_tag-bmw-egs-reset","13":"product_tag-bmw-gearbox-isn-repair","14":"product_tag-bmw-gearbox-isn-reset","15":"product_tag-bmw-remote-egs-service","16":"product_tag-bmw-reset-isn-egs-service","17":"product_tag-bmw-transmission-coding","18":"product_tag-bmw-transmission-error-repair","19":"product_tag-bmw-transmission-isn-reset","20":"product_tag-bmw-transmission-repair-remote","21":"product_tag-visiongarage-bmw-remote","23":"first","24":"instock","25":"sale","26":"virtual","27":"purchasable","28":"product-type-simple"},"yoast_head":"<!-- This site is optimized with the Yoast SEO Premium plugin v22.3 (Yoast SEO v26.5) - https:\/\/yoast.com\/wordpress\/plugins\/seo\/ -->\n<title>Reset ISN Cutie BMW EGS 2AB6 \/ 2AB2 \u2013 Serviciu Remote<\/title>\n<meta name=\"description\" content=\"Serviciu complet VisionGarage pentru resetarea ISN-ului la cutiile de viteze BMW EGS 8HP (erori 2AB6 \/ 2AB2). Interven\u021bie la distan\u021b\u0103, rapid\u0103 \u0219i sigur\u0103\" \/>\n<meta name=\"robots\" content=\"index, follow, max-snippet:-1, max-image-preview:large, max-video-preview:-1\" \/>\n<link rel=\"canonical\" href=\"https:\/\/visiongarage.ro\/en\/produs\/reset-isn-cutie-bmw-egs-2ab6-2ab2-serviciu\/\" \/>\n<meta property=\"og:locale\" content=\"en_US\" \/>\n<meta property=\"og:type\" content=\"article\" \/>\n<meta property=\"og:title\" content=\"Reset ISN Cutie BMW EGS 2AB6 \/ 2AB2 (Serviciu la distan\u021b\u0103)\" \/>\n<meta property=\"og:description\" content=\"Serviciu complet VisionGarage pentru resetarea ISN-ului la cutiile de viteze BMW EGS 8HP (erori 2AB6 \/ 2AB2). Interven\u021bie la distan\u021b\u0103, rapid\u0103 \u0219i sigur\u0103\" \/>\n<meta property=\"og:url\" content=\"https:\/\/visiongarage.ro\/en\/produs\/reset-isn-cutie-bmw-egs-2ab6-2ab2-serviciu\/\" \/>\n<meta property=\"og:site_name\" content=\"Vision Garage - Electronic\u0103 auto\" \/>\n<meta property=\"article:publisher\" content=\"https:\/\/www.facebook.com\/VisionGar\" \/>\n<meta property=\"article:modified_time\" content=\"2025-12-27T14:24:41+00:00\" \/>\n<meta property=\"og:image\" content=\"https:\/\/visiongarage.ro\/wp-content\/uploads\/2025\/11\/BMW-EGS-RESET.png\" \/>\n\t<meta property=\"og:image:width\" content=\"1024\" \/>\n\t<meta property=\"og:image:height\" content=\"1024\" \/>\n\t<meta property=\"og:image:type\" content=\"image\/png\" \/>\n<meta name=\"twitter:card\" content=\"summary_large_image\" \/>\n<meta name=\"twitter:label1\" content=\"Est. reading time\" \/>\n\t<meta name=\"twitter:data1\" content=\"2 minutes\" \/>\n<script type=\"application\/ld+json\" class=\"yoast-schema-graph\">{\"@context\":\"https:\/\/schema.org\",\"@graph\":[{\"@type\":\"WebPage\",\"@id\":\"https:\/\/visiongarage.ro\/produs\/reset-isn-cutie-bmw-egs-2ab6-2ab2-serviciu\/\",\"url\":\"https:\/\/visiongarage.ro\/produs\/reset-isn-cutie-bmw-egs-2ab6-2ab2-serviciu\/\",\"name\":\"Reset ISN Cutie BMW EGS 2AB6 \/ 2AB2 \u2013 Serviciu Remote\",\"isPartOf\":{\"@id\":\"https:\/\/visiongarage.ro\/#website\"},\"primaryImageOfPage\":{\"@id\":\"https:\/\/visiongarage.ro\/produs\/reset-isn-cutie-bmw-egs-2ab6-2ab2-serviciu\/#primaryimage\"},\"image\":{\"@id\":\"https:\/\/visiongarage.ro\/produs\/reset-isn-cutie-bmw-egs-2ab6-2ab2-serviciu\/#primaryimage\"},\"thumbnailUrl\":\"https:\/\/visiongarage.ro\/wp-content\/uploads\/2025\/11\/BMW-EGS-RESET.png\",\"datePublished\":\"2025-11-08T09:11:18+00:00\",\"dateModified\":\"2025-12-27T14:24:41+00:00\",\"description\":\"Serviciu complet VisionGarage pentru resetarea ISN-ului la cutiile de viteze BMW EGS 8HP (erori 2AB6 \/ 2AB2). Interven\u021bie la distan\u021b\u0103, rapid\u0103 \u0219i sigur\u0103\",\"breadcrumb\":{\"@id\":\"https:\/\/visiongarage.ro\/produs\/reset-isn-cutie-bmw-egs-2ab6-2ab2-serviciu\/#breadcrumb\"},\"inLanguage\":\"en-US\",\"potentialAction\":[{\"@type\":\"ReadAction\",\"target\":[\"https:\/\/visiongarage.ro\/produs\/reset-isn-cutie-bmw-egs-2ab6-2ab2-serviciu\/\"]}]},{\"@type\":\"ImageObject\",\"inLanguage\":\"en-US\",\"@id\":\"https:\/\/visiongarage.ro\/produs\/reset-isn-cutie-bmw-egs-2ab6-2ab2-serviciu\/#primaryimage\",\"url\":\"https:\/\/visiongarage.ro\/wp-content\/uploads\/2025\/11\/BMW-EGS-RESET.png\",\"contentUrl\":\"https:\/\/visiongarage.ro\/wp-content\/uploads\/2025\/11\/BMW-EGS-RESET.png\",\"width\":1024,\"height\":1024},{\"@type\":\"BreadcrumbList\",\"@id\":\"https:\/\/visiongarage.ro\/produs\/reset-isn-cutie-bmw-egs-2ab6-2ab2-serviciu\/#breadcrumb\",\"itemListElement\":[{\"@type\":\"ListItem\",\"position\":1,\"name\":\"Prima pagin\u0103\",\"item\":\"https:\/\/visiongarage.ro\/\"},{\"@type\":\"ListItem\",\"position\":2,\"name\":\"Servicii Vision Garage\",\"item\":\"https:\/\/visiongarage.ro\/servicii-vision-garage\/\"},{\"@type\":\"ListItem\",\"position\":3,\"name\":\"Reset ISN Cutie BMW EGS 2AB6 \/ 2AB2 (Serviciu la distan\u021b\u0103)\"}]},{\"@type\":\"WebSite\",\"@id\":\"https:\/\/visiongarage.ro\/#website\",\"url\":\"https:\/\/visiongarage.ro\/\",\"name\":\"Vision Garage - Electronic\u0103 auto\",\"description\":\"VisionGarage Electrician Electronist Auto Arad\",\"publisher\":{\"@id\":\"https:\/\/visiongarage.ro\/#organization\"},\"potentialAction\":[{\"@type\":\"SearchAction\",\"target\":{\"@type\":\"EntryPoint\",\"urlTemplate\":\"https:\/\/visiongarage.ro\/?s={search_term_string}\"},\"query-input\":{\"@type\":\"PropertyValueSpecification\",\"valueRequired\":true,\"valueName\":\"search_term_string\"}}],\"inLanguage\":\"en-US\"},{\"@type\":\"Organization\",\"@id\":\"https:\/\/visiongarage.ro\/#organization\",\"name\":\"Vision Garage - Electronic\u0103 auto\",\"url\":\"https:\/\/visiongarage.ro\/\",\"logo\":{\"@type\":\"ImageObject\",\"inLanguage\":\"en-US\",\"@id\":\"https:\/\/visiongarage.ro\/#\/schema\/logo\/image\/\",\"url\":\"https:\/\/visiongarage.ro\/wp-content\/uploads\/2025\/09\/logo-vision-garrage-1-1.png\",\"contentUrl\":\"https:\/\/visiongarage.ro\/wp-content\/uploads\/2025\/09\/logo-vision-garrage-1-1.png\",\"width\":1000,\"height\":463,\"caption\":\"Vision Garage - Electronic\u0103 auto\"},\"image\":{\"@id\":\"https:\/\/visiongarage.ro\/#\/schema\/logo\/image\/\"},\"sameAs\":[\"https:\/\/www.facebook.com\/VisionGar\"]}]}<\/script>\n<!-- \/ Yoast SEO Premium plugin. -->","yoast_head_json":{"title":"Reset ISN Cutie BMW EGS 2AB6 \/ 2AB2 \u2013 Serviciu Remote","description":"Serviciu complet VisionGarage pentru resetarea ISN-ului la cutiile de viteze BMW EGS 8HP (erori 2AB6 \/ 2AB2). Interven\u021bie la distan\u021b\u0103, rapid\u0103 \u0219i sigur\u0103","robots":{"index":"index","follow":"follow","max-snippet":"max-snippet:-1","max-image-preview":"max-image-preview:large","max-video-preview":"max-video-preview:-1"},"canonical":"https:\/\/visiongarage.ro\/en\/produs\/reset-isn-cutie-bmw-egs-2ab6-2ab2-serviciu\/","og_locale":"en_US","og_type":"article","og_title":"Reset ISN Cutie BMW EGS 2AB6 \/ 2AB2 (Serviciu la distan\u021b\u0103)","og_description":"Serviciu complet VisionGarage pentru resetarea ISN-ului la cutiile de viteze BMW EGS 8HP (erori 2AB6 \/ 2AB2). Interven\u021bie la distan\u021b\u0103, rapid\u0103 \u0219i sigur\u0103","og_url":"https:\/\/visiongarage.ro\/en\/produs\/reset-isn-cutie-bmw-egs-2ab6-2ab2-serviciu\/","og_site_name":"Vision Garage - Electronic\u0103 auto","article_publisher":"https:\/\/www.facebook.com\/VisionGar","article_modified_time":"2025-12-27T14:24:41+00:00","og_image":[{"width":1024,"height":1024,"url":"https:\/\/visiongarage.ro\/wp-content\/uploads\/2025\/11\/BMW-EGS-RESET.png","type":"image\/png"}],"twitter_card":"summary_large_image","twitter_misc":{"Est. reading time":"2 minutes"},"schema":{"@context":"https:\/\/schema.org","@graph":[{"@type":"WebPage","@id":"https:\/\/visiongarage.ro\/produs\/reset-isn-cutie-bmw-egs-2ab6-2ab2-serviciu\/","url":"https:\/\/visiongarage.ro\/produs\/reset-isn-cutie-bmw-egs-2ab6-2ab2-serviciu\/","name":"Reset ISN Cutie BMW EGS 2AB6 \/ 2AB2 \u2013 Serviciu Remote","isPartOf":{"@id":"https:\/\/visiongarage.ro\/#website"},"primaryImageOfPage":{"@id":"https:\/\/visiongarage.ro\/produs\/reset-isn-cutie-bmw-egs-2ab6-2ab2-serviciu\/#primaryimage"},"image":{"@id":"https:\/\/visiongarage.ro\/produs\/reset-isn-cutie-bmw-egs-2ab6-2ab2-serviciu\/#primaryimage"},"thumbnailUrl":"https:\/\/visiongarage.ro\/wp-content\/uploads\/2025\/11\/BMW-EGS-RESET.png","datePublished":"2025-11-08T09:11:18+00:00","dateModified":"2025-12-27T14:24:41+00:00","description":"Serviciu complet VisionGarage pentru resetarea ISN-ului la cutiile de viteze BMW EGS 8HP (erori 2AB6 \/ 2AB2). Interven\u021bie la distan\u021b\u0103, rapid\u0103 \u0219i sigur\u0103","breadcrumb":{"@id":"https:\/\/visiongarage.ro\/produs\/reset-isn-cutie-bmw-egs-2ab6-2ab2-serviciu\/#breadcrumb"},"inLanguage":"en-US","potentialAction":[{"@type":"ReadAction","target":["https:\/\/visiongarage.ro\/produs\/reset-isn-cutie-bmw-egs-2ab6-2ab2-serviciu\/"]}]},{"@type":"ImageObject","inLanguage":"en-US","@id":"https:\/\/visiongarage.ro\/produs\/reset-isn-cutie-bmw-egs-2ab6-2ab2-serviciu\/#primaryimage","url":"https:\/\/visiongarage.ro\/wp-content\/uploads\/2025\/11\/BMW-EGS-RESET.png","contentUrl":"https:\/\/visiongarage.ro\/wp-content\/uploads\/2025\/11\/BMW-EGS-RESET.png","width":1024,"height":1024},{"@type":"BreadcrumbList","@id":"https:\/\/visiongarage.ro\/produs\/reset-isn-cutie-bmw-egs-2ab6-2ab2-serviciu\/#breadcrumb","itemListElement":[{"@type":"ListItem","position":1,"name":"Prima pagin\u0103","item":"https:\/\/visiongarage.ro\/"},{"@type":"ListItem","position":2,"name":"Servicii Vision Garage","item":"https:\/\/visiongarage.ro\/servicii-vision-garage\/"},{"@type":"ListItem","position":3,"name":"Reset ISN Cutie BMW EGS 2AB6 \/ 2AB2 (Serviciu la distan\u021b\u0103)"}]},{"@type":"WebSite","@id":"https:\/\/visiongarage.ro\/#website","url":"https:\/\/visiongarage.ro\/","name":"Vision Garage - Car Electronics","description":"VisionGarage Electrician Auto Electronics Arad","publisher":{"@id":"https:\/\/visiongarage.ro\/#organization"},"potentialAction":[{"@type":"SearchAction","target":{"@type":"EntryPoint","urlTemplate":"https:\/\/visiongarage.ro\/?s={search_term_string}"},"query-input":{"@type":"PropertyValueSpecification","valueRequired":true,"valueName":"search_term_string"}}],"inLanguage":"en-US"},{"@type":"Organization","@id":"https:\/\/visiongarage.ro\/#organization","name":"Vision Garage - Car Electronics","url":"https:\/\/visiongarage.ro\/","logo":{"@type":"ImageObject","inLanguage":"en-US","@id":"https:\/\/visiongarage.ro\/#\/schema\/logo\/image\/","url":"https:\/\/visiongarage.ro\/wp-content\/uploads\/2025\/09\/logo-vision-garrage-1-1.png","contentUrl":"https:\/\/visiongarage.ro\/wp-content\/uploads\/2025\/09\/logo-vision-garrage-1-1.png","width":1000,"height":463,"caption":"Vision Garage - Electronic\u0103 auto"},"image":{"@id":"https:\/\/visiongarage.ro\/#\/schema\/logo\/image\/"},"sameAs":["https:\/\/www.facebook.com\/VisionGar"]}]}},"jetpack_sharing_enabled":true,"_links":{"self":[{"href":"http:\/\/visiongarage.ro\/en\/wp-json\/wp\/v2\/product\/3038","targetHints":{"allow":["GET"]}}],"collection":[{"href":"http:\/\/visiongarage.ro\/en\/wp-json\/wp\/v2\/product"}],"about":[{"href":"http:\/\/visiongarage.ro\/en\/wp-json\/wp\/v2\/types\/product"}],"wp:featuredmedia":[{"embeddable":true,"href":"http:\/\/visiongarage.ro\/en\/wp-json\/wp\/v2\/media\/3437"}],"wp:attachment":[{"href":"http:\/\/visiongarage.ro\/en\/wp-json\/wp\/v2\/media?parent=3038"}],"wp:term":[{"taxonomy":"product_brand","embeddable":true,"href":"http:\/\/visiongarage.ro\/en\/wp-json\/wp\/v2\/product_brand?post=3038"},{"taxonomy":"product_cat","embeddable":true,"href":"http:\/\/visiongarage.ro\/en\/wp-json\/wp\/v2\/product_cat?post=3038"},{"taxonomy":"product_tag","embeddable":true,"href":"http:\/\/visiongarage.ro\/en\/wp-json\/wp\/v2\/product_tag?post=3038"}],"curies":[{"name":"wp","href":"https:\/\/api.w.org\/{rel}","templated":true}]}}