{"id":3399,"date":"2025-12-13T13:23:44","date_gmt":"2025-12-13T11:23:44","guid":{"rendered":"https:\/\/visiongarage.ro\/?post_type=product&#038;p=3399"},"modified":"2025-12-27T16:11:10","modified_gmt":"2025-12-27T14:11:10","slug":"immo-off-tcu-vag-dezactivare-imobilizator-pentru-cutii-automate-dq-dl","status":"publish","type":"product","link":"http:\/\/visiongarage.ro\/en\/product\/immo-off-tcu-vag-dezactivare-imobilizator-pentru-cutii-automate-dq-dl\/","title":{"rendered":"Immo OFF TCU VAG \u2013 Deactivate immobilizer for DQ, DL automatic gearboxes"},"content":{"rendered":"<h3 data-start=\"607\" data-end=\"673\">Immo OFF TCU VAG \u2013 software solution for automatic transmissions<\/h3>\n<p data-start=\"675\" data-end=\"912\">This service offered by VisionGarage allows disabling the immobilizer system in VAG automatic transmission control units (TCUs), in cases where module change or data corruption prevents the vehicle from starting.<\/p>\n<p data-start=\"914\" data-end=\"1061\">The processing is done exclusively in software, by modifying the files read from the TCU. No physical modifications to the electronic components are required.<\/p>\n<hr data-start=\"1063\" data-end=\"1066\" \/>\n<h3 data-start=\"1068\" data-end=\"1095\">Compatible TCU models:<\/h3>\n<ul data-start=\"1097\" data-end=\"1284\">\n<li data-start=\"1097\" data-end=\"1125\">\n<p data-start=\"1099\" data-end=\"1125\"><strong data-start=\"1099\" data-end=\"1108\">DL381<\/strong> \u2013 Immo OFF<\/p>\n<\/li>\n<li data-start=\"1126\" data-end=\"1148\">\n<p data-start=\"1128\" data-end=\"1148\"><strong data-start=\"1128\" data-end=\"1137\">DL382<\/strong> \u2013 Immo OFF<\/p>\n<\/li>\n<li data-start=\"1149\" data-end=\"1175\">\n<p data-start=\"1151\" data-end=\"1175\"><strong data-start=\"1151\" data-end=\"1164\">DQ200 MQB<\/strong> \u2013 Immo OFF<\/p>\n<\/li>\n<li data-start=\"1176\" data-end=\"1204\">\n<p data-start=\"1178\" data-end=\"1204\"><strong data-start=\"1178\" data-end=\"1193\">DQ200G2 MQB<\/strong> \u2013 Immo OFF<\/p>\n<\/li>\n<li data-start=\"1205\" data-end=\"1227\">\n<p data-start=\"1207\" data-end=\"1227\"><strong data-start=\"1207\" data-end=\"1216\">DQ250<\/strong> \u2013 Immo OFF<\/p>\n<\/li>\n<li data-start=\"1228\" data-end=\"1256\">\n<p data-start=\"1230\" data-end=\"1256\"><strong data-start=\"1230\" data-end=\"1239\">DQ400<\/strong> \u2013 Immo OFF (new)<\/p>\n<\/li>\n<li data-start=\"1257\" data-end=\"1284\">\n<p data-start=\"1259\" data-end=\"1284\"><strong data-start=\"1259\" data-end=\"1273\">DL501 Gen2<\/strong> \u2013 Immo OFF<\/p>\n<\/li>\n<\/ul>\n<hr data-start=\"1286\" data-end=\"1289\" \/>\n<h3 data-start=\"1291\" data-end=\"1318\">What does the service entail:<\/h3>\n<ul data-start=\"1320\" data-end=\"1580\">\n<li data-start=\"1320\" data-end=\"1379\">\n<p data-start=\"1322\" data-end=\"1379\">Removing the immobilizer from the TCU via modified file<\/p>\n<\/li>\n<li data-start=\"1380\" data-end=\"1453\">\n<p data-start=\"1382\" data-end=\"1453\">No hardware modifications or opening the unit (depending on model)<\/p>\n<\/li>\n<li data-start=\"1454\" data-end=\"1515\">\n<p data-start=\"1456\" data-end=\"1515\">Verified compatibility for MQB, MLB, DL\/DQ platforms<\/p>\n<\/li>\n<li data-start=\"1516\" data-end=\"1580\">\n<p data-start=\"1518\" data-end=\"1580\">Support for files read with Flex, PCMFlash, KTAG, CMD, etc.<\/p>\n<\/li>\n<\/ul>\n<hr data-start=\"1582\" data-end=\"1585\" \/>\n<h3 data-start=\"1587\" data-end=\"1608\">How it works:<\/h3>\n<ol data-start=\"1610\" data-end=\"1893\">\n<li data-start=\"1610\" data-end=\"1671\">\n<p data-start=\"1613\" data-end=\"1671\">Customer extracts TCU file (with compatible equipment)<\/p>\n<\/li>\n<li data-start=\"1672\" data-end=\"1728\">\n<p data-start=\"1675\" data-end=\"1728\">Send the file via the order form or email<\/p>\n<\/li>\n<li data-start=\"1729\" data-end=\"1777\">\n<p data-start=\"1732\" data-end=\"1777\">Immo OFF analysis and modification is performed<\/p>\n<\/li>\n<li data-start=\"1778\" data-end=\"1828\">\n<p data-start=\"1781\" data-end=\"1828\">The modified file is delivered for rewriting.<\/p>\n<\/li>\n<li data-start=\"1829\" data-end=\"1893\">\n<p data-start=\"1832\" data-end=\"1893\">Optional: TCU can be physically sent for internal processing<\/p>\n<\/li>\n<\/ol>\n<hr data-start=\"1895\" data-end=\"1898\" \/>\n<h3 data-start=\"1900\" data-end=\"1912\">Requirements:<\/h3>\n<ul data-start=\"1914\" data-end=\"2047\">\n<li data-start=\"1914\" data-end=\"1964\">\n<p data-start=\"1916\" data-end=\"1964\">File read correctly (Flash or EEPROM, as applicable)<\/p>\n<\/li>\n<li data-start=\"1965\" data-end=\"2006\">\n<p data-start=\"1967\" data-end=\"2006\">VIN and details about the original problem<\/p>\n<\/li>\n<li data-start=\"2007\" data-end=\"2047\">\n<p data-start=\"2009\" data-end=\"2047\">Request made for repair purposes<\/p>\n<\/li>\n<\/ul>\n<hr data-start=\"2049\" data-end=\"2052\" \/>\n<h3 data-start=\"2054\" data-end=\"2067\">Limitations:<\/h3>\n<ul data-start=\"2069\" data-end=\"2231\">\n<li data-start=\"2069\" data-end=\"2125\">\n<p data-start=\"2071\" data-end=\"2125\">We do not offer activation codes, synchronizations or pairings.<\/p>\n<\/li>\n<li data-start=\"2126\" data-end=\"2170\">\n<p data-start=\"2128\" data-end=\"2170\">We do not process corrupt or incomplete files.<\/p>\n<\/li>\n<li data-start=\"2171\" data-end=\"2231\">\n<p data-start=\"2173\" data-end=\"2231\">We do not guarantee operation in the presence of hardware defects<\/p>\n<\/li>\n<\/ul>\n<hr data-start=\"2233\" data-end=\"2236\" \/>\n<h3 data-start=\"2238\" data-end=\"2260\">Legal statement:<\/h3>\n<p data-start=\"2262\" data-end=\"2515\">VisionGarage is an independent car service.<br data-start=\"2308\" data-end=\"2311\" \/>This service is intended exclusively for the functional restoration of defective TCU modules.<br data-start=\"2397\" data-end=\"2400\" \/>Volkswagen, Audi, Skoda, Seat, DL501, DQ250 are registered trademarks. VisionGarage does not represent these manufacturers.<\/p>\n<p data-start=\"2517\" data-end=\"2593\">The customer is responsible for the correct and legal use of the service.<\/p>\n<p data-start=\"2517\" data-end=\"2593\"><a href=\"https:\/\/www.ross-tech.com\/\">https:\/\/www.ross-tech.com\/<\/a><\/p>\n<p data-start=\"2517\" data-end=\"2593\"><a href=\"https:\/\/visiongarage.ro\/en\/produs\/immo-off-ecu-vag\/\">Immo OFF ECU VAG \u2013 Deactivate immobilizer VW, Audi, Skoda, Seat<\/a><\/p>","protected":false},"excerpt":{"rendered":"<p>Professional Immo OFF TCU VAG service for disabling the electronic immobilizer in DQ and DL automatic boxes. Software processing, no hardware modifications. Compatible with modern TCU models such as DQ250, DL382, DQ400, DL501 Gen2<\/p>","protected":false},"featured_media":3434,"template":"","meta":[],"product_brand":[],"product_cat":[149],"product_tag":[],"class_list":{"0":"post-3399","1":"product","2":"type-product","3":"status-publish","4":"has-post-thumbnail","6":"product_cat-fileservice","8":"first","9":"instock","10":"sale","11":"shipping-taxable","12":"purchasable","13":"product-type-variable"},"yoast_head":"<!-- This site is optimized with the Yoast SEO Premium plugin v22.3 (Yoast SEO v26.5) - https:\/\/yoast.com\/wordpress\/plugins\/seo\/ -->\n<title>Immo OFF TCU VAG \u2013 Dezactivare imobilizator transmisii<\/title>\n<meta name=\"description\" content=\"Serviciu Immo OFF TCU VAG \u2013 dezactivare imobilizator pentru cutii automate DL381, DQ250, DL501 Gen2. Procesare software f\u0103r\u0103 modific\u0103ri hardware.\" \/>\n<meta name=\"robots\" content=\"index, follow, max-snippet:-1, max-image-preview:large, max-video-preview:-1\" \/>\n<link rel=\"canonical\" href=\"https:\/\/visiongarage.ro\/en\/produs\/immo-off-tcu-vag-dezactivare-imobilizator-pentru-cutii-automate-dq-dl\/\" \/>\n<meta property=\"og:locale\" content=\"en_US\" \/>\n<meta property=\"og:type\" content=\"article\" \/>\n<meta property=\"og:title\" content=\"Immo OFF TCU VAG \u2013 Dezactivare imobilizator pentru cutii automate DQ, DL\" \/>\n<meta property=\"og:description\" content=\"Serviciu Immo OFF TCU VAG \u2013 dezactivare imobilizator pentru cutii automate DL381, DQ250, DL501 Gen2. Procesare software f\u0103r\u0103 modific\u0103ri hardware.\" \/>\n<meta property=\"og:url\" content=\"https:\/\/visiongarage.ro\/en\/produs\/immo-off-tcu-vag-dezactivare-imobilizator-pentru-cutii-automate-dq-dl\/\" \/>\n<meta property=\"og:site_name\" content=\"Vision Garage - Electronic\u0103 auto\" \/>\n<meta property=\"article:publisher\" content=\"https:\/\/www.facebook.com\/VisionGar\" \/>\n<meta property=\"article:modified_time\" content=\"2025-12-27T14:11:10+00:00\" \/>\n<meta property=\"og:image\" content=\"https:\/\/visiongarage.ro\/wp-content\/uploads\/2025\/12\/ChatGPT-Image-Dec-27-2025-04_06_48-PM.png\" \/>\n\t<meta property=\"og:image:width\" content=\"1024\" \/>\n\t<meta property=\"og:image:height\" content=\"1024\" \/>\n\t<meta property=\"og:image:type\" content=\"image\/png\" \/>\n<meta name=\"twitter:card\" content=\"summary_large_image\" \/>\n<meta name=\"twitter:label1\" content=\"Est. reading time\" \/>\n\t<meta name=\"twitter:data1\" content=\"2 minutes\" \/>\n<script type=\"application\/ld+json\" class=\"yoast-schema-graph\">{\"@context\":\"https:\/\/schema.org\",\"@graph\":[{\"@type\":\"WebPage\",\"@id\":\"https:\/\/visiongarage.ro\/produs\/immo-off-tcu-vag-dezactivare-imobilizator-pentru-cutii-automate-dq-dl\/\",\"url\":\"https:\/\/visiongarage.ro\/produs\/immo-off-tcu-vag-dezactivare-imobilizator-pentru-cutii-automate-dq-dl\/\",\"name\":\"Immo OFF TCU VAG \u2013 Dezactivare imobilizator transmisii\",\"isPartOf\":{\"@id\":\"https:\/\/visiongarage.ro\/#website\"},\"primaryImageOfPage\":{\"@id\":\"https:\/\/visiongarage.ro\/produs\/immo-off-tcu-vag-dezactivare-imobilizator-pentru-cutii-automate-dq-dl\/#primaryimage\"},\"image\":{\"@id\":\"https:\/\/visiongarage.ro\/produs\/immo-off-tcu-vag-dezactivare-imobilizator-pentru-cutii-automate-dq-dl\/#primaryimage\"},\"thumbnailUrl\":\"https:\/\/visiongarage.ro\/wp-content\/uploads\/2025\/12\/ChatGPT-Image-Dec-27-2025-04_06_48-PM.png\",\"datePublished\":\"2025-12-13T11:23:44+00:00\",\"dateModified\":\"2025-12-27T14:11:10+00:00\",\"description\":\"Serviciu Immo OFF TCU VAG \u2013 dezactivare imobilizator pentru cutii automate DL381, DQ250, DL501 Gen2. Procesare software f\u0103r\u0103 modific\u0103ri hardware.\",\"breadcrumb\":{\"@id\":\"https:\/\/visiongarage.ro\/produs\/immo-off-tcu-vag-dezactivare-imobilizator-pentru-cutii-automate-dq-dl\/#breadcrumb\"},\"inLanguage\":\"en-US\",\"potentialAction\":[{\"@type\":\"ReadAction\",\"target\":[\"https:\/\/visiongarage.ro\/produs\/immo-off-tcu-vag-dezactivare-imobilizator-pentru-cutii-automate-dq-dl\/\"]}]},{\"@type\":\"ImageObject\",\"inLanguage\":\"en-US\",\"@id\":\"https:\/\/visiongarage.ro\/produs\/immo-off-tcu-vag-dezactivare-imobilizator-pentru-cutii-automate-dq-dl\/#primaryimage\",\"url\":\"https:\/\/visiongarage.ro\/wp-content\/uploads\/2025\/12\/ChatGPT-Image-Dec-27-2025-04_06_48-PM.png\",\"contentUrl\":\"https:\/\/visiongarage.ro\/wp-content\/uploads\/2025\/12\/ChatGPT-Image-Dec-27-2025-04_06_48-PM.png\",\"width\":1024,\"height\":1024},{\"@type\":\"BreadcrumbList\",\"@id\":\"https:\/\/visiongarage.ro\/produs\/immo-off-tcu-vag-dezactivare-imobilizator-pentru-cutii-automate-dq-dl\/#breadcrumb\",\"itemListElement\":[{\"@type\":\"ListItem\",\"position\":1,\"name\":\"Prima pagin\u0103\",\"item\":\"https:\/\/visiongarage.ro\/\"},{\"@type\":\"ListItem\",\"position\":2,\"name\":\"Servicii Vision Garage\",\"item\":\"https:\/\/visiongarage.ro\/servicii-vision-garage\/\"},{\"@type\":\"ListItem\",\"position\":3,\"name\":\"Immo OFF TCU VAG \u2013 Dezactivare imobilizator pentru cutii automate DQ, DL\"}]},{\"@type\":\"WebSite\",\"@id\":\"https:\/\/visiongarage.ro\/#website\",\"url\":\"https:\/\/visiongarage.ro\/\",\"name\":\"Vision Garage - Electronic\u0103 auto\",\"description\":\"VisionGarage Electrician Electronist Auto Arad\",\"publisher\":{\"@id\":\"https:\/\/visiongarage.ro\/#organization\"},\"potentialAction\":[{\"@type\":\"SearchAction\",\"target\":{\"@type\":\"EntryPoint\",\"urlTemplate\":\"https:\/\/visiongarage.ro\/?s={search_term_string}\"},\"query-input\":{\"@type\":\"PropertyValueSpecification\",\"valueRequired\":true,\"valueName\":\"search_term_string\"}}],\"inLanguage\":\"en-US\"},{\"@type\":\"Organization\",\"@id\":\"https:\/\/visiongarage.ro\/#organization\",\"name\":\"Vision Garage - Electronic\u0103 auto\",\"url\":\"https:\/\/visiongarage.ro\/\",\"logo\":{\"@type\":\"ImageObject\",\"inLanguage\":\"en-US\",\"@id\":\"https:\/\/visiongarage.ro\/#\/schema\/logo\/image\/\",\"url\":\"https:\/\/visiongarage.ro\/wp-content\/uploads\/2025\/09\/logo-vision-garrage-1-1.png\",\"contentUrl\":\"https:\/\/visiongarage.ro\/wp-content\/uploads\/2025\/09\/logo-vision-garrage-1-1.png\",\"width\":1000,\"height\":463,\"caption\":\"Vision Garage - Electronic\u0103 auto\"},\"image\":{\"@id\":\"https:\/\/visiongarage.ro\/#\/schema\/logo\/image\/\"},\"sameAs\":[\"https:\/\/www.facebook.com\/VisionGar\"]}]}<\/script>\n<!-- \/ Yoast SEO Premium plugin. -->","yoast_head_json":{"title":"Immo OFF TCU VAG \u2013 Dezactivare imobilizator transmisii","description":"Serviciu Immo OFF TCU VAG \u2013 dezactivare imobilizator pentru cutii automate DL381, DQ250, DL501 Gen2. Procesare software f\u0103r\u0103 modific\u0103ri hardware.","robots":{"index":"index","follow":"follow","max-snippet":"max-snippet:-1","max-image-preview":"max-image-preview:large","max-video-preview":"max-video-preview:-1"},"canonical":"https:\/\/visiongarage.ro\/en\/produs\/immo-off-tcu-vag-dezactivare-imobilizator-pentru-cutii-automate-dq-dl\/","og_locale":"en_US","og_type":"article","og_title":"Immo OFF TCU VAG \u2013 Dezactivare imobilizator pentru cutii automate DQ, DL","og_description":"Serviciu Immo OFF TCU VAG \u2013 dezactivare imobilizator pentru cutii automate DL381, DQ250, DL501 Gen2. Procesare software f\u0103r\u0103 modific\u0103ri hardware.","og_url":"https:\/\/visiongarage.ro\/en\/produs\/immo-off-tcu-vag-dezactivare-imobilizator-pentru-cutii-automate-dq-dl\/","og_site_name":"Vision Garage - Electronic\u0103 auto","article_publisher":"https:\/\/www.facebook.com\/VisionGar","article_modified_time":"2025-12-27T14:11:10+00:00","og_image":[{"width":1024,"height":1024,"url":"https:\/\/visiongarage.ro\/wp-content\/uploads\/2025\/12\/ChatGPT-Image-Dec-27-2025-04_06_48-PM.png","type":"image\/png"}],"twitter_card":"summary_large_image","twitter_misc":{"Est. reading time":"2 minutes"},"schema":{"@context":"https:\/\/schema.org","@graph":[{"@type":"WebPage","@id":"https:\/\/visiongarage.ro\/produs\/immo-off-tcu-vag-dezactivare-imobilizator-pentru-cutii-automate-dq-dl\/","url":"https:\/\/visiongarage.ro\/produs\/immo-off-tcu-vag-dezactivare-imobilizator-pentru-cutii-automate-dq-dl\/","name":"Immo OFF TCU VAG \u2013 Dezactivare imobilizator transmisii","isPartOf":{"@id":"https:\/\/visiongarage.ro\/#website"},"primaryImageOfPage":{"@id":"https:\/\/visiongarage.ro\/produs\/immo-off-tcu-vag-dezactivare-imobilizator-pentru-cutii-automate-dq-dl\/#primaryimage"},"image":{"@id":"https:\/\/visiongarage.ro\/produs\/immo-off-tcu-vag-dezactivare-imobilizator-pentru-cutii-automate-dq-dl\/#primaryimage"},"thumbnailUrl":"https:\/\/visiongarage.ro\/wp-content\/uploads\/2025\/12\/ChatGPT-Image-Dec-27-2025-04_06_48-PM.png","datePublished":"2025-12-13T11:23:44+00:00","dateModified":"2025-12-27T14:11:10+00:00","description":"Serviciu Immo OFF TCU VAG \u2013 dezactivare imobilizator pentru cutii automate DL381, DQ250, DL501 Gen2. Procesare software f\u0103r\u0103 modific\u0103ri hardware.","breadcrumb":{"@id":"https:\/\/visiongarage.ro\/produs\/immo-off-tcu-vag-dezactivare-imobilizator-pentru-cutii-automate-dq-dl\/#breadcrumb"},"inLanguage":"en-US","potentialAction":[{"@type":"ReadAction","target":["https:\/\/visiongarage.ro\/produs\/immo-off-tcu-vag-dezactivare-imobilizator-pentru-cutii-automate-dq-dl\/"]}]},{"@type":"ImageObject","inLanguage":"en-US","@id":"https:\/\/visiongarage.ro\/produs\/immo-off-tcu-vag-dezactivare-imobilizator-pentru-cutii-automate-dq-dl\/#primaryimage","url":"https:\/\/visiongarage.ro\/wp-content\/uploads\/2025\/12\/ChatGPT-Image-Dec-27-2025-04_06_48-PM.png","contentUrl":"https:\/\/visiongarage.ro\/wp-content\/uploads\/2025\/12\/ChatGPT-Image-Dec-27-2025-04_06_48-PM.png","width":1024,"height":1024},{"@type":"BreadcrumbList","@id":"https:\/\/visiongarage.ro\/produs\/immo-off-tcu-vag-dezactivare-imobilizator-pentru-cutii-automate-dq-dl\/#breadcrumb","itemListElement":[{"@type":"ListItem","position":1,"name":"Prima pagin\u0103","item":"https:\/\/visiongarage.ro\/"},{"@type":"ListItem","position":2,"name":"Servicii Vision Garage","item":"https:\/\/visiongarage.ro\/servicii-vision-garage\/"},{"@type":"ListItem","position":3,"name":"Immo OFF TCU VAG \u2013 Dezactivare imobilizator pentru cutii automate DQ, DL"}]},{"@type":"WebSite","@id":"https:\/\/visiongarage.ro\/#website","url":"https:\/\/visiongarage.ro\/","name":"Vision Garage - Car Electronics","description":"VisionGarage Electrician Auto Electronics Arad","publisher":{"@id":"https:\/\/visiongarage.ro\/#organization"},"potentialAction":[{"@type":"SearchAction","target":{"@type":"EntryPoint","urlTemplate":"https:\/\/visiongarage.ro\/?s={search_term_string}"},"query-input":{"@type":"PropertyValueSpecification","valueRequired":true,"valueName":"search_term_string"}}],"inLanguage":"en-US"},{"@type":"Organization","@id":"https:\/\/visiongarage.ro\/#organization","name":"Vision Garage - Car Electronics","url":"https:\/\/visiongarage.ro\/","logo":{"@type":"ImageObject","inLanguage":"en-US","@id":"https:\/\/visiongarage.ro\/#\/schema\/logo\/image\/","url":"https:\/\/visiongarage.ro\/wp-content\/uploads\/2025\/09\/logo-vision-garrage-1-1.png","contentUrl":"https:\/\/visiongarage.ro\/wp-content\/uploads\/2025\/09\/logo-vision-garrage-1-1.png","width":1000,"height":463,"caption":"Vision Garage - Electronic\u0103 auto"},"image":{"@id":"https:\/\/visiongarage.ro\/#\/schema\/logo\/image\/"},"sameAs":["https:\/\/www.facebook.com\/VisionGar"]}]}},"jetpack_sharing_enabled":true,"_links":{"self":[{"href":"http:\/\/visiongarage.ro\/en\/wp-json\/wp\/v2\/product\/3399","targetHints":{"allow":["GET"]}}],"collection":[{"href":"http:\/\/visiongarage.ro\/en\/wp-json\/wp\/v2\/product"}],"about":[{"href":"http:\/\/visiongarage.ro\/en\/wp-json\/wp\/v2\/types\/product"}],"wp:featuredmedia":[{"embeddable":true,"href":"http:\/\/visiongarage.ro\/en\/wp-json\/wp\/v2\/media\/3434"}],"wp:attachment":[{"href":"http:\/\/visiongarage.ro\/en\/wp-json\/wp\/v2\/media?parent=3399"}],"wp:term":[{"taxonomy":"product_brand","embeddable":true,"href":"http:\/\/visiongarage.ro\/en\/wp-json\/wp\/v2\/product_brand?post=3399"},{"taxonomy":"product_cat","embeddable":true,"href":"http:\/\/visiongarage.ro\/en\/wp-json\/wp\/v2\/product_cat?post=3399"},{"taxonomy":"product_tag","embeddable":true,"href":"http:\/\/visiongarage.ro\/en\/wp-json\/wp\/v2\/product_tag?post=3399"}],"curies":[{"name":"wp","href":"https:\/\/api.w.org\/{rel}","templated":true}]}}