{"id":620,"date":"2025-09-25T12:19:51","date_gmt":"2025-09-25T12:19:51","guid":{"rendered":"https:\/\/visiongarage.ro\/?post_type=product&#038;p=620"},"modified":"2025-12-08T13:57:27","modified_gmt":"2025-12-08T11:57:27","slug":"ssd-file-ncs-expert-bmw","status":"publish","type":"product","link":"http:\/\/visiongarage.ro\/en\/product\/ssd-file-ncs-expert-bmw\/","title":{"rendered":"SSD FILE NCS EXPERT BMW"},"content":{"rendered":"<p style=\"text-align: left;\">Are you having difficulty recognizing Vehicle Order (VO) in NCS Expert or are you getting the error <strong>FA error COAPI-2000<\/strong>? VisionGarage offers you custom files, generated based on the chassis number (VIN), to restore the original settings of your BMW E-series vehicle.<\/p>\n<h3><strong>Product Description<\/strong><\/h3>\n<p>This professional file is designed to fix VO configuration issues and allow optimal use of NCS Expert for reconfiguration and restoration of factory settings. It is the ideal solution for vehicles that have undergone software changes or for cases where the Vehicle Order can no longer be correctly identified.<\/p>\n<h3><strong>Features:<\/strong><\/h3>\n<ul>\n<li>Exclusive compatibility with BMW E-series models.<\/li>\n<li>Custom generation based on chassis series (VIN).<\/li>\n<li>Resolving FA-Fehler COAPI-2000 errors and correct recognition of VO in NCS Expert.<\/li>\n<li>Ideal for quick and safe reconfiguration of factory settings.<\/li>\n<\/ul>\n<h3><strong>Benefits:<\/strong><\/h3>\n<ul>\n<li>Reliable restoration of vehicle configuration.<\/li>\n<li>Save time and money by avoiding service visits.<\/li>\n<li>Ensuring the correct functioning of diagnostic and coding software.<\/li>\n<\/ul>","protected":false},"excerpt":{"rendered":"<p>\u00cent\u00e2mpina\u021bi dificult\u0103\u021bi \u00een recunoa\u0219terea Vehicle Order (VO) \u00een NCS Expert sau primi\u021bi eroarea FA-Fehler COAPI-2000? VisionGarage v\u0103 ofer\u0103 fi\u0219iere personalizate, generate pe baza seriei de \u0219asiu (VIN), pentru a restabili set\u0103rile originale ale vehiculului dumneavoastr\u0103 BMW din seria E. Descriere produs Acest fi\u0219ier profesional este proiectat s\u0103 remedieze problemele legate de configurarea VO \u0219i s\u0103 [&hellip;]<\/p>","protected":false},"featured_media":3250,"template":"","meta":[],"product_brand":[],"product_cat":[310],"product_tag":[27,164,165,166,167,168,169,170,171,172,173,174,175,176,93,177,178,179,180,181,182,183,184,185,186],"class_list":{"0":"post-620","1":"product","2":"type-product","3":"status-publish","4":"has-post-thumbnail","6":"product_cat-servicii-la-distanta","7":"product_tag-bmw","8":"product_tag-bmw-e60","9":"product_tag-bmw-e90","10":"product_tag-bmw-seria-e","11":"product_tag-coapi-2000","12":"product_tag-codare-bmw","13":"product_tag-configurare-bmw","14":"product_tag-diagnoza-bmw","15":"product_tag-fa-felher-bmw","16":"product_tag-fa-list","17":"product_tag-fa-fehler-coapi-2000","18":"product_tag-fa-fehler-ncxespert","19":"product_tag-fisier-personalizat","20":"product_tag-fisier-vin","21":"product_tag-ncs-expert","22":"product_tag-ncs-expert-bmw-ssd","23":"product_tag-ncsexpert","24":"product_tag-reconfigurare-vehicul","25":"product_tag-restaurare-setari-fabrica","26":"product_tag-software-codare","27":"product_tag-solutie-eroare-vo","28":"product_tag-ssd-file-ncsexpert","29":"product_tag-vehicle-order","30":"product_tag-visiongarage","31":"product_tag-vo-restaurare","32":"wcpa_has_options","34":"first","35":"instock","36":"sale","37":"downloadable","38":"virtual","39":"product-type-simple"},"yoast_head":"<!-- This site is optimized with the Yoast SEO Premium plugin v22.3 (Yoast SEO v26.5) - https:\/\/yoast.com\/wordpress\/plugins\/seo\/ -->\n<title>SSD FILE NCS EXPERT BMW - Vision Garage - Electronic\u0103 auto<\/title>\n<meta name=\"description\" content=\"\u00cen cazul \u00een care lista de dot\u0103ri a ma\u0219ini a fost pierdut\u0103 sau manipulat\u0103, este necesar crearea unui fi\u0219ier SSD pentru Restabilirea func\u021bion\u0103ri optime !\" \/>\n<meta name=\"robots\" content=\"index, follow, max-snippet:-1, max-image-preview:large, max-video-preview:-1\" \/>\n<link rel=\"canonical\" href=\"https:\/\/visiongarage.ro\/en\/produs\/ssd-file-ncs-expert-bmw\/\" \/>\n<meta property=\"og:locale\" content=\"en_US\" \/>\n<meta property=\"og:type\" content=\"article\" \/>\n<meta property=\"og:title\" content=\"SSD FILE NCS EXPERT BMW\" \/>\n<meta property=\"og:description\" content=\"\u00cen cazul \u00een care lista de dot\u0103ri a ma\u0219ini a fost pierdut\u0103 sau manipulat\u0103, este necesar crearea unui fi\u0219ier SSD pentru Restabilirea func\u021bion\u0103ri optime !\" \/>\n<meta property=\"og:url\" content=\"https:\/\/visiongarage.ro\/en\/produs\/ssd-file-ncs-expert-bmw\/\" \/>\n<meta property=\"og:site_name\" content=\"Vision Garage - Electronic\u0103 auto\" \/>\n<meta property=\"article:publisher\" content=\"https:\/\/www.facebook.com\/VisionGar\" \/>\n<meta property=\"article:modified_time\" content=\"2025-12-08T11:57:27+00:00\" \/>\n<meta property=\"og:image\" content=\"https:\/\/visiongarage.ro\/wp-content\/uploads\/2025\/09\/ChatGPT-Image-Nov-29-2025-05_39_40-PM.png\" \/>\n\t<meta property=\"og:image:width\" content=\"1024\" \/>\n\t<meta property=\"og:image:height\" content=\"1024\" \/>\n\t<meta property=\"og:image:type\" content=\"image\/png\" \/>\n<meta name=\"twitter:card\" content=\"summary_large_image\" \/>\n<meta name=\"twitter:label1\" content=\"Est. reading time\" \/>\n\t<meta name=\"twitter:data1\" content=\"2 minutes\" \/>\n<script type=\"application\/ld+json\" class=\"yoast-schema-graph\">{\"@context\":\"https:\/\/schema.org\",\"@graph\":[{\"@type\":\"WebPage\",\"@id\":\"https:\/\/visiongarage.ro\/produs\/ssd-file-ncs-expert-bmw\/\",\"url\":\"https:\/\/visiongarage.ro\/produs\/ssd-file-ncs-expert-bmw\/\",\"name\":\"SSD FILE NCS EXPERT BMW - Vision Garage - Electronic\u0103 auto\",\"isPartOf\":{\"@id\":\"https:\/\/visiongarage.ro\/#website\"},\"primaryImageOfPage\":{\"@id\":\"https:\/\/visiongarage.ro\/produs\/ssd-file-ncs-expert-bmw\/#primaryimage\"},\"image\":{\"@id\":\"https:\/\/visiongarage.ro\/produs\/ssd-file-ncs-expert-bmw\/#primaryimage\"},\"thumbnailUrl\":\"https:\/\/visiongarage.ro\/wp-content\/uploads\/2025\/09\/ChatGPT-Image-Nov-29-2025-05_39_40-PM.png\",\"datePublished\":\"2025-09-25T12:19:51+00:00\",\"dateModified\":\"2025-12-08T11:57:27+00:00\",\"description\":\"\u00cen cazul \u00een care lista de dot\u0103ri a ma\u0219ini a fost pierdut\u0103 sau manipulat\u0103, este necesar crearea unui fi\u0219ier SSD pentru Restabilirea func\u021bion\u0103ri optime !\",\"breadcrumb\":{\"@id\":\"https:\/\/visiongarage.ro\/produs\/ssd-file-ncs-expert-bmw\/#breadcrumb\"},\"inLanguage\":\"en-US\",\"potentialAction\":[{\"@type\":\"ReadAction\",\"target\":[\"https:\/\/visiongarage.ro\/produs\/ssd-file-ncs-expert-bmw\/\"]}]},{\"@type\":\"ImageObject\",\"inLanguage\":\"en-US\",\"@id\":\"https:\/\/visiongarage.ro\/produs\/ssd-file-ncs-expert-bmw\/#primaryimage\",\"url\":\"https:\/\/visiongarage.ro\/wp-content\/uploads\/2025\/09\/ChatGPT-Image-Nov-29-2025-05_39_40-PM.png\",\"contentUrl\":\"https:\/\/visiongarage.ro\/wp-content\/uploads\/2025\/09\/ChatGPT-Image-Nov-29-2025-05_39_40-PM.png\",\"width\":1024,\"height\":1024},{\"@type\":\"BreadcrumbList\",\"@id\":\"https:\/\/visiongarage.ro\/produs\/ssd-file-ncs-expert-bmw\/#breadcrumb\",\"itemListElement\":[{\"@type\":\"ListItem\",\"position\":1,\"name\":\"Prima pagin\u0103\",\"item\":\"https:\/\/visiongarage.ro\/\"},{\"@type\":\"ListItem\",\"position\":2,\"name\":\"Servicii Vision Garage\",\"item\":\"https:\/\/visiongarage.ro\/servicii-vision-garage\/\"},{\"@type\":\"ListItem\",\"position\":3,\"name\":\"SSD FILE NCS EXPERT BMW\"}]},{\"@type\":\"WebSite\",\"@id\":\"https:\/\/visiongarage.ro\/#website\",\"url\":\"https:\/\/visiongarage.ro\/\",\"name\":\"Vision Garage - Electronic\u0103 auto\",\"description\":\"VisionGarage Electrician Electronist Auto Arad\",\"publisher\":{\"@id\":\"https:\/\/visiongarage.ro\/#organization\"},\"potentialAction\":[{\"@type\":\"SearchAction\",\"target\":{\"@type\":\"EntryPoint\",\"urlTemplate\":\"https:\/\/visiongarage.ro\/?s={search_term_string}\"},\"query-input\":{\"@type\":\"PropertyValueSpecification\",\"valueRequired\":true,\"valueName\":\"search_term_string\"}}],\"inLanguage\":\"en-US\"},{\"@type\":\"Organization\",\"@id\":\"https:\/\/visiongarage.ro\/#organization\",\"name\":\"Vision Garage - Electronic\u0103 auto\",\"url\":\"https:\/\/visiongarage.ro\/\",\"logo\":{\"@type\":\"ImageObject\",\"inLanguage\":\"en-US\",\"@id\":\"https:\/\/visiongarage.ro\/#\/schema\/logo\/image\/\",\"url\":\"https:\/\/visiongarage.ro\/wp-content\/uploads\/2025\/09\/logo-vision-garrage-1-1.png\",\"contentUrl\":\"https:\/\/visiongarage.ro\/wp-content\/uploads\/2025\/09\/logo-vision-garrage-1-1.png\",\"width\":1000,\"height\":463,\"caption\":\"Vision Garage - Electronic\u0103 auto\"},\"image\":{\"@id\":\"https:\/\/visiongarage.ro\/#\/schema\/logo\/image\/\"},\"sameAs\":[\"https:\/\/www.facebook.com\/VisionGar\"]}]}<\/script>\n<!-- \/ Yoast SEO Premium plugin. -->","yoast_head_json":{"title":"SSD FILE NCS EXPERT BMW - Vision Garage - Electronic\u0103 auto","description":"\u00cen cazul \u00een care lista de dot\u0103ri a ma\u0219ini a fost pierdut\u0103 sau manipulat\u0103, este necesar crearea unui fi\u0219ier SSD pentru Restabilirea func\u021bion\u0103ri optime !","robots":{"index":"index","follow":"follow","max-snippet":"max-snippet:-1","max-image-preview":"max-image-preview:large","max-video-preview":"max-video-preview:-1"},"canonical":"https:\/\/visiongarage.ro\/en\/produs\/ssd-file-ncs-expert-bmw\/","og_locale":"en_US","og_type":"article","og_title":"SSD FILE NCS EXPERT BMW","og_description":"\u00cen cazul \u00een care lista de dot\u0103ri a ma\u0219ini a fost pierdut\u0103 sau manipulat\u0103, este necesar crearea unui fi\u0219ier SSD pentru Restabilirea func\u021bion\u0103ri optime !","og_url":"https:\/\/visiongarage.ro\/en\/produs\/ssd-file-ncs-expert-bmw\/","og_site_name":"Vision Garage - Electronic\u0103 auto","article_publisher":"https:\/\/www.facebook.com\/VisionGar","article_modified_time":"2025-12-08T11:57:27+00:00","og_image":[{"width":1024,"height":1024,"url":"https:\/\/visiongarage.ro\/wp-content\/uploads\/2025\/09\/ChatGPT-Image-Nov-29-2025-05_39_40-PM.png","type":"image\/png"}],"twitter_card":"summary_large_image","twitter_misc":{"Est. reading time":"2 minutes"},"schema":{"@context":"https:\/\/schema.org","@graph":[{"@type":"WebPage","@id":"https:\/\/visiongarage.ro\/produs\/ssd-file-ncs-expert-bmw\/","url":"https:\/\/visiongarage.ro\/produs\/ssd-file-ncs-expert-bmw\/","name":"SSD FILE NCS EXPERT BMW - Vision Garage - Electronic\u0103 auto","isPartOf":{"@id":"https:\/\/visiongarage.ro\/#website"},"primaryImageOfPage":{"@id":"https:\/\/visiongarage.ro\/produs\/ssd-file-ncs-expert-bmw\/#primaryimage"},"image":{"@id":"https:\/\/visiongarage.ro\/produs\/ssd-file-ncs-expert-bmw\/#primaryimage"},"thumbnailUrl":"https:\/\/visiongarage.ro\/wp-content\/uploads\/2025\/09\/ChatGPT-Image-Nov-29-2025-05_39_40-PM.png","datePublished":"2025-09-25T12:19:51+00:00","dateModified":"2025-12-08T11:57:27+00:00","description":"\u00cen cazul \u00een care lista de dot\u0103ri a ma\u0219ini a fost pierdut\u0103 sau manipulat\u0103, este necesar crearea unui fi\u0219ier SSD pentru Restabilirea func\u021bion\u0103ri optime !","breadcrumb":{"@id":"https:\/\/visiongarage.ro\/produs\/ssd-file-ncs-expert-bmw\/#breadcrumb"},"inLanguage":"en-US","potentialAction":[{"@type":"ReadAction","target":["https:\/\/visiongarage.ro\/produs\/ssd-file-ncs-expert-bmw\/"]}]},{"@type":"ImageObject","inLanguage":"en-US","@id":"https:\/\/visiongarage.ro\/produs\/ssd-file-ncs-expert-bmw\/#primaryimage","url":"https:\/\/visiongarage.ro\/wp-content\/uploads\/2025\/09\/ChatGPT-Image-Nov-29-2025-05_39_40-PM.png","contentUrl":"https:\/\/visiongarage.ro\/wp-content\/uploads\/2025\/09\/ChatGPT-Image-Nov-29-2025-05_39_40-PM.png","width":1024,"height":1024},{"@type":"BreadcrumbList","@id":"https:\/\/visiongarage.ro\/produs\/ssd-file-ncs-expert-bmw\/#breadcrumb","itemListElement":[{"@type":"ListItem","position":1,"name":"Prima pagin\u0103","item":"https:\/\/visiongarage.ro\/"},{"@type":"ListItem","position":2,"name":"Servicii Vision Garage","item":"https:\/\/visiongarage.ro\/servicii-vision-garage\/"},{"@type":"ListItem","position":3,"name":"SSD FILE NCS EXPERT BMW"}]},{"@type":"WebSite","@id":"https:\/\/visiongarage.ro\/#website","url":"https:\/\/visiongarage.ro\/","name":"Vision Garage - Car Electronics","description":"VisionGarage Electrician Auto Electronics Arad","publisher":{"@id":"https:\/\/visiongarage.ro\/#organization"},"potentialAction":[{"@type":"SearchAction","target":{"@type":"EntryPoint","urlTemplate":"https:\/\/visiongarage.ro\/?s={search_term_string}"},"query-input":{"@type":"PropertyValueSpecification","valueRequired":true,"valueName":"search_term_string"}}],"inLanguage":"en-US"},{"@type":"Organization","@id":"https:\/\/visiongarage.ro\/#organization","name":"Vision Garage - Car Electronics","url":"https:\/\/visiongarage.ro\/","logo":{"@type":"ImageObject","inLanguage":"en-US","@id":"https:\/\/visiongarage.ro\/#\/schema\/logo\/image\/","url":"https:\/\/visiongarage.ro\/wp-content\/uploads\/2025\/09\/logo-vision-garrage-1-1.png","contentUrl":"https:\/\/visiongarage.ro\/wp-content\/uploads\/2025\/09\/logo-vision-garrage-1-1.png","width":1000,"height":463,"caption":"Vision Garage - Electronic\u0103 auto"},"image":{"@id":"https:\/\/visiongarage.ro\/#\/schema\/logo\/image\/"},"sameAs":["https:\/\/www.facebook.com\/VisionGar"]}]}},"jetpack_sharing_enabled":true,"_links":{"self":[{"href":"http:\/\/visiongarage.ro\/en\/wp-json\/wp\/v2\/product\/620","targetHints":{"allow":["GET"]}}],"collection":[{"href":"http:\/\/visiongarage.ro\/en\/wp-json\/wp\/v2\/product"}],"about":[{"href":"http:\/\/visiongarage.ro\/en\/wp-json\/wp\/v2\/types\/product"}],"wp:featuredmedia":[{"embeddable":true,"href":"http:\/\/visiongarage.ro\/en\/wp-json\/wp\/v2\/media\/3250"}],"wp:attachment":[{"href":"http:\/\/visiongarage.ro\/en\/wp-json\/wp\/v2\/media?parent=620"}],"wp:term":[{"taxonomy":"product_brand","embeddable":true,"href":"http:\/\/visiongarage.ro\/en\/wp-json\/wp\/v2\/product_brand?post=620"},{"taxonomy":"product_cat","embeddable":true,"href":"http:\/\/visiongarage.ro\/en\/wp-json\/wp\/v2\/product_cat?post=620"},{"taxonomy":"product_tag","embeddable":true,"href":"http:\/\/visiongarage.ro\/en\/wp-json\/wp\/v2\/product_tag?post=620"}],"curies":[{"name":"wp","href":"https:\/\/api.w.org\/{rel}","templated":true}]}}