{"id":695,"date":"2025-09-26T09:32:56","date_gmt":"2025-09-26T09:32:56","guid":{"rendered":"https:\/\/visiongarage.ro\/?page_id=695"},"modified":"2025-09-26T09:32:56","modified_gmt":"2025-09-26T09:32:56","slug":"politica-de-utilizare-a-cookie-urilor","status":"publish","type":"page","link":"https:\/\/visiongarage.ro\/en\/politica-de-utilizare-a-cookie-urilor\/","title":{"rendered":"Cookie Policy"},"content":{"rendered":"<p data-start=\"324\" data-end=\"356\"><strong data-start=\"324\" data-end=\"354\">Valid from: 30.09.2025<\/strong><\/p>\n<p data-start=\"358\" data-end=\"554\">The website is operated by <strong data-start=\"384\" data-end=\"405\">SZOLLOSI ABEL PFA<\/strong>, with registered office in Sat \u015einte\u0219ti no. 37, Timi\u0219 county, Romania, with CUI 49748153, Registration No. F2024000300359, EUID ROONRC.F2024000300359.<\/p>\n<p data-start=\"556\" data-end=\"678\">This policy explains how we use cookies and similar technologies when you visit our website.<\/p>\n<hr data-start=\"680\" data-end=\"683\" \/>\n<h2 data-start=\"685\" data-end=\"714\">1. What are cookies?<\/h2>\n<p data-start=\"715\" data-end=\"952\">Cookies are small text files stored on your device (computer, phone, tablet) when you visit a website. They help the website function efficiently and collect anonymous statistical information.<\/p>\n<hr data-start=\"954\" data-end=\"957\" \/>\n<h2 data-start=\"959\" data-end=\"999\">2. What types of cookies do we use?<\/h2>\n<ol data-start=\"1001\" data-end=\"1591\">\n<li data-start=\"1001\" data-end=\"1201\">\n<p data-start=\"1004\" data-end=\"1042\"><strong data-start=\"1004\" data-end=\"1040\">Essential (necessary) cookies:<\/strong><\/p>\n<ul data-start=\"1046\" data-end=\"1201\">\n<li data-start=\"1046\" data-end=\"1112\">\n<p data-start=\"1048\" data-end=\"1112\">These are necessary for the proper functioning of the site.<\/p>\n<\/li>\n<li data-start=\"1116\" data-end=\"1201\">\n<p data-start=\"1118\" data-end=\"1201\">It does not collect personal information and cannot be disabled in our systems.<\/p>\n<\/li>\n<\/ul>\n<\/li>\n<li data-start=\"1203\" data-end=\"1591\">\n<p data-start=\"1206\" data-end=\"1252\"><strong data-start=\"1206\" data-end=\"1250\">Analytical cookies (Google Analytics):<\/strong><\/p>\n<ul data-start=\"1256\" data-end=\"1591\">\n<li data-start=\"1256\" data-end=\"1439\">\n<p data-start=\"1258\" data-end=\"1439\">We use Google Analytics to understand how visitors use the site (for example: which pages are most accessed, time spent on the site, traffic sources).<\/p>\n<\/li>\n<li data-start=\"1443\" data-end=\"1526\">\n<p data-start=\"1445\" data-end=\"1526\">The information collected is anonymized and used for statistical purposes only.<\/p>\n<\/li>\n<li data-start=\"1530\" data-end=\"1591\">\n<p data-start=\"1532\" data-end=\"1591\">Google may store this data on servers in the EU or the USA.<\/p>\n<\/li>\n<\/ul>\n<\/li>\n<\/ol>\n<p data-start=\"1593\" data-end=\"1662\">We do not use advertising or tracking cookies for marketing.<\/p>\n<hr data-start=\"1664\" data-end=\"1667\" \/>\n<h2 data-start=\"1669\" data-end=\"1710\">3. Cookie storage duration<\/h2>\n<ul data-start=\"1711\" data-end=\"1957\">\n<li data-start=\"1711\" data-end=\"1877\">\n<p data-start=\"1713\" data-end=\"1877\">Cookies can be stored on the user&#039;s device either <strong data-start=\"1776\" data-end=\"1788\">temporary<\/strong> (deleted after closing the browser), or for a specific period (persistent).<\/p>\n<\/li>\n<li data-start=\"1878\" data-end=\"1957\">\n<p data-start=\"1880\" data-end=\"1957\">Google Analytics stores cookies for a maximum period of <strong data-start=\"1943\" data-end=\"1954\">24 months<\/strong>.<\/p>\n<\/li>\n<\/ul>\n<hr data-start=\"1959\" data-end=\"1962\" \/>\n<h2 data-start=\"1964\" data-end=\"2001\">4. User consent<\/h2>\n<p data-start=\"2002\" data-end=\"2125\">On your first visit to the site, you will be asked for consent to the use of non-essential cookies (Google Analytics).<\/p>\n<ul data-start=\"2126\" data-end=\"2291\">\n<li data-start=\"2126\" data-end=\"2187\">\n<p data-start=\"2128\" data-end=\"2187\">You can <strong data-start=\"2135\" data-end=\"2146\">accept<\/strong> or <strong data-start=\"2151\" data-end=\"2161\">refuse<\/strong> analytical cookies.<\/p>\n<\/li>\n<li data-start=\"2188\" data-end=\"2291\">\n<p data-start=\"2190\" data-end=\"2291\">Essential cookies cannot be disabled as they are necessary for the website to function.<\/p>\n<\/li>\n<\/ul>\n<hr data-start=\"2293\" data-end=\"2296\" \/>\n<h2 data-start=\"2298\" data-end=\"2331\">5. Managing cookies<\/h2>\n<p data-start=\"2332\" data-end=\"2399\">You can control and delete cookies through your browser settings:<\/p>\n<ul data-start=\"2400\" data-end=\"2888\">\n<li data-start=\"2400\" data-end=\"2482\">\n<p data-start=\"2402\" data-end=\"2482\">Google Chrome \u2192 <a class=\"decorated-link cursor-pointer\" target=\"_new\" rel=\"noopener\" data-start=\"2418\" data-end=\"2480\">Instructions<\/a><\/p>\n<\/li>\n<li data-start=\"2483\" data-end=\"2607\">\n<p data-start=\"2485\" data-end=\"2607\">Mozilla Firefox \u2192 <a class=\"decorated-link cursor-pointer\" target=\"_new\" rel=\"noopener\" data-start=\"2503\" data-end=\"2605\">Instructions<\/a><\/p>\n<\/li>\n<li data-start=\"2608\" data-end=\"2774\">\n<p data-start=\"2610\" data-end=\"2774\">Microsoft Edge \u2192 <a class=\"decorated-link cursor-pointer\" target=\"_new\" rel=\"noopener\" data-start=\"2627\" data-end=\"2772\">Instructions<\/a><\/p>\n<\/li>\n<li data-start=\"2775\" data-end=\"2888\">\n<p data-start=\"2777\" data-end=\"2888\">Safari \u2192 <a class=\"decorated-link cursor-pointer\" target=\"_new\" rel=\"noopener\" data-start=\"2786\" data-end=\"2886\">Instructions<\/a><\/p>\n<\/li>\n<\/ul>\n<hr data-start=\"2890\" data-end=\"2893\" \/>\n<h2 data-start=\"2895\" data-end=\"2910\">6. Contact<\/h2>\n<p data-start=\"2911\" data-end=\"3050\">For any questions related to the use of cookies, you can contact us at:<br data-start=\"2992\" data-end=\"2995\" \/>\ud83d\udce7 <strong data-start=\"2998\" data-end=\"3026\"><a class=\"decorated-link cursor-pointer\" rel=\"noopener\" data-start=\"3000\" data-end=\"3024\">visiongaragear@gmail.com<\/a><\/strong><br data-start=\"3026\" data-end=\"3029\" \/>\ud83d\udcde <strong data-start=\"3032\" data-end=\"3048\">0758 754 309<\/strong><\/p>","protected":false},"excerpt":{"rendered":"<p>Valabil\u0103 de la: 30.09.2025 Website-ul este operat de SZOLLOSI ABEL PFA, cu sediul social \u00een Sat \u0218inte\u0219ti nr. 37, jud. Timi\u0219, Rom\u00e2nia, av\u00e2nd CUI 49748153, Nr. de \u00eenregistrare F2024000300359, EUID ROONRC.F2024000300359. Aceast\u0103 politic\u0103 explic\u0103 modul \u00een care utiliz\u0103m cookie-urile \u0219i tehnologii similare atunci c\u00e2nd vizita\u021bi site-ul nostru. 1. Ce sunt cookie-urile? Cookie-urile sunt fi\u0219iere mici [&hellip;]<\/p>","protected":false},"author":2,"featured_media":0,"parent":0,"menu_order":0,"comment_status":"closed","ping_status":"closed","template":"","meta":{"two_page_speed":[],"footnotes":""},"class_list":["post-695","page","type-page","status-publish","hentry"],"yoast_head":"<!-- This site is optimized with the Yoast SEO Premium plugin v22.3 (Yoast SEO v26.5) - https:\/\/yoast.com\/wordpress\/plugins\/seo\/ -->\n<title>Politica de utilizare a cookie-urilor - Vision Garage - Electronic\u0103 auto<\/title>\n<meta name=\"robots\" content=\"index, follow, max-snippet:-1, max-image-preview:large, max-video-preview:-1\" \/>\n<link rel=\"canonical\" href=\"https:\/\/visiongarage.ro\/en\/politica-de-utilizare-a-cookie-urilor\/\" \/>\n<meta property=\"og:locale\" content=\"en_US\" \/>\n<meta property=\"og:type\" content=\"article\" \/>\n<meta property=\"og:title\" content=\"Politica de utilizare a cookie-urilor\" \/>\n<meta property=\"og:description\" content=\"Valabil\u0103 de la: 30.09.2025 Website-ul este operat de SZOLLOSI ABEL PFA, cu sediul social \u00een Sat \u0218inte\u0219ti nr. 37, jud. Timi\u0219, Rom\u00e2nia, av\u00e2nd CUI 49748153, Nr. de \u00eenregistrare F2024000300359, EUID ROONRC.F2024000300359. Aceast\u0103 politic\u0103 explic\u0103 modul \u00een care utiliz\u0103m cookie-urile \u0219i tehnologii similare atunci c\u00e2nd vizita\u021bi site-ul nostru. 1. Ce sunt cookie-urile? Cookie-urile sunt fi\u0219iere mici [&hellip;]\" \/>\n<meta property=\"og:url\" content=\"https:\/\/visiongarage.ro\/en\/politica-de-utilizare-a-cookie-urilor\/\" \/>\n<meta property=\"og:site_name\" content=\"Vision Garage - Electronic\u0103 auto\" \/>\n<meta property=\"article:publisher\" content=\"https:\/\/www.facebook.com\/VisionGar\" \/>\n<meta name=\"twitter:card\" content=\"summary_large_image\" \/>\n<meta name=\"twitter:label1\" content=\"Est. reading time\" \/>\n\t<meta name=\"twitter:data1\" content=\"2 minutes\" \/>\n<script type=\"application\/ld+json\" class=\"yoast-schema-graph\">{\"@context\":\"https:\/\/schema.org\",\"@graph\":[{\"@type\":\"WebPage\",\"@id\":\"https:\/\/visiongarage.ro\/politica-de-utilizare-a-cookie-urilor\/\",\"url\":\"https:\/\/visiongarage.ro\/politica-de-utilizare-a-cookie-urilor\/\",\"name\":\"Politica de utilizare a cookie-urilor - Vision Garage - Electronic\u0103 auto\",\"isPartOf\":{\"@id\":\"https:\/\/visiongarage.ro\/#website\"},\"datePublished\":\"2025-09-26T09:32:56+00:00\",\"breadcrumb\":{\"@id\":\"https:\/\/visiongarage.ro\/politica-de-utilizare-a-cookie-urilor\/#breadcrumb\"},\"inLanguage\":\"en-US\",\"potentialAction\":[{\"@type\":\"ReadAction\",\"target\":[\"https:\/\/visiongarage.ro\/politica-de-utilizare-a-cookie-urilor\/\"]}]},{\"@type\":\"BreadcrumbList\",\"@id\":\"https:\/\/visiongarage.ro\/politica-de-utilizare-a-cookie-urilor\/#breadcrumb\",\"itemListElement\":[{\"@type\":\"ListItem\",\"position\":1,\"name\":\"Prima pagin\u0103\",\"item\":\"https:\/\/visiongarage.ro\/\"},{\"@type\":\"ListItem\",\"position\":2,\"name\":\"Politica de utilizare a cookie-urilor\"}]},{\"@type\":\"WebSite\",\"@id\":\"https:\/\/visiongarage.ro\/#website\",\"url\":\"https:\/\/visiongarage.ro\/\",\"name\":\"Vision Garage - Electronic\u0103 auto\",\"description\":\"VisionGarage Electrician Electronist Auto Arad\",\"publisher\":{\"@id\":\"https:\/\/visiongarage.ro\/#organization\"},\"potentialAction\":[{\"@type\":\"SearchAction\",\"target\":{\"@type\":\"EntryPoint\",\"urlTemplate\":\"https:\/\/visiongarage.ro\/?s={search_term_string}\"},\"query-input\":{\"@type\":\"PropertyValueSpecification\",\"valueRequired\":true,\"valueName\":\"search_term_string\"}}],\"inLanguage\":\"en-US\"},{\"@type\":\"Organization\",\"@id\":\"https:\/\/visiongarage.ro\/#organization\",\"name\":\"Vision Garage - Electronic\u0103 auto\",\"url\":\"https:\/\/visiongarage.ro\/\",\"logo\":{\"@type\":\"ImageObject\",\"inLanguage\":\"en-US\",\"@id\":\"https:\/\/visiongarage.ro\/#\/schema\/logo\/image\/\",\"url\":\"https:\/\/visiongarage.ro\/wp-content\/uploads\/2025\/09\/logo-vision-garrage-1-1.png\",\"contentUrl\":\"https:\/\/visiongarage.ro\/wp-content\/uploads\/2025\/09\/logo-vision-garrage-1-1.png\",\"width\":1000,\"height\":463,\"caption\":\"Vision Garage - Electronic\u0103 auto\"},\"image\":{\"@id\":\"https:\/\/visiongarage.ro\/#\/schema\/logo\/image\/\"},\"sameAs\":[\"https:\/\/www.facebook.com\/VisionGar\"]}]}<\/script>\n<!-- \/ Yoast SEO Premium plugin. -->","yoast_head_json":{"title":"Politica de utilizare a cookie-urilor - Vision Garage - Electronic\u0103 auto","robots":{"index":"index","follow":"follow","max-snippet":"max-snippet:-1","max-image-preview":"max-image-preview:large","max-video-preview":"max-video-preview:-1"},"canonical":"https:\/\/visiongarage.ro\/en\/politica-de-utilizare-a-cookie-urilor\/","og_locale":"en_US","og_type":"article","og_title":"Politica de utilizare a cookie-urilor","og_description":"Valabil\u0103 de la: 30.09.2025 Website-ul este operat de SZOLLOSI ABEL PFA, cu sediul social \u00een Sat \u0218inte\u0219ti nr. 37, jud. Timi\u0219, Rom\u00e2nia, av\u00e2nd CUI 49748153, Nr. de \u00eenregistrare F2024000300359, EUID ROONRC.F2024000300359. Aceast\u0103 politic\u0103 explic\u0103 modul \u00een care utiliz\u0103m cookie-urile \u0219i tehnologii similare atunci c\u00e2nd vizita\u021bi site-ul nostru. 1. Ce sunt cookie-urile? Cookie-urile sunt fi\u0219iere mici [&hellip;]","og_url":"https:\/\/visiongarage.ro\/en\/politica-de-utilizare-a-cookie-urilor\/","og_site_name":"Vision Garage - Electronic\u0103 auto","article_publisher":"https:\/\/www.facebook.com\/VisionGar","twitter_card":"summary_large_image","twitter_misc":{"Est. reading time":"2 minutes"},"schema":{"@context":"https:\/\/schema.org","@graph":[{"@type":"WebPage","@id":"https:\/\/visiongarage.ro\/politica-de-utilizare-a-cookie-urilor\/","url":"https:\/\/visiongarage.ro\/politica-de-utilizare-a-cookie-urilor\/","name":"Politica de utilizare a cookie-urilor - Vision Garage - Electronic\u0103 auto","isPartOf":{"@id":"https:\/\/visiongarage.ro\/#website"},"datePublished":"2025-09-26T09:32:56+00:00","breadcrumb":{"@id":"https:\/\/visiongarage.ro\/politica-de-utilizare-a-cookie-urilor\/#breadcrumb"},"inLanguage":"en-US","potentialAction":[{"@type":"ReadAction","target":["https:\/\/visiongarage.ro\/politica-de-utilizare-a-cookie-urilor\/"]}]},{"@type":"BreadcrumbList","@id":"https:\/\/visiongarage.ro\/politica-de-utilizare-a-cookie-urilor\/#breadcrumb","itemListElement":[{"@type":"ListItem","position":1,"name":"Prima pagin\u0103","item":"https:\/\/visiongarage.ro\/"},{"@type":"ListItem","position":2,"name":"Politica de utilizare a cookie-urilor"}]},{"@type":"WebSite","@id":"https:\/\/visiongarage.ro\/#website","url":"https:\/\/visiongarage.ro\/","name":"Vision Garage - Car Electronics","description":"VisionGarage Electrician Auto Electronics Arad","publisher":{"@id":"https:\/\/visiongarage.ro\/#organization"},"potentialAction":[{"@type":"SearchAction","target":{"@type":"EntryPoint","urlTemplate":"https:\/\/visiongarage.ro\/?s={search_term_string}"},"query-input":{"@type":"PropertyValueSpecification","valueRequired":true,"valueName":"search_term_string"}}],"inLanguage":"en-US"},{"@type":"Organization","@id":"https:\/\/visiongarage.ro\/#organization","name":"Vision Garage - Car Electronics","url":"https:\/\/visiongarage.ro\/","logo":{"@type":"ImageObject","inLanguage":"en-US","@id":"https:\/\/visiongarage.ro\/#\/schema\/logo\/image\/","url":"https:\/\/visiongarage.ro\/wp-content\/uploads\/2025\/09\/logo-vision-garrage-1-1.png","contentUrl":"https:\/\/visiongarage.ro\/wp-content\/uploads\/2025\/09\/logo-vision-garrage-1-1.png","width":1000,"height":463,"caption":"Vision Garage - Electronic\u0103 auto"},"image":{"@id":"https:\/\/visiongarage.ro\/#\/schema\/logo\/image\/"},"sameAs":["https:\/\/www.facebook.com\/VisionGar"]}]}},"jetpack_sharing_enabled":true,"_links":{"self":[{"href":"https:\/\/visiongarage.ro\/en\/wp-json\/wp\/v2\/pages\/695","targetHints":{"allow":["GET"]}}],"collection":[{"href":"https:\/\/visiongarage.ro\/en\/wp-json\/wp\/v2\/pages"}],"about":[{"href":"https:\/\/visiongarage.ro\/en\/wp-json\/wp\/v2\/types\/page"}],"author":[{"embeddable":true,"href":"https:\/\/visiongarage.ro\/en\/wp-json\/wp\/v2\/users\/2"}],"replies":[{"embeddable":true,"href":"https:\/\/visiongarage.ro\/en\/wp-json\/wp\/v2\/comments?post=695"}],"version-history":[{"count":1,"href":"https:\/\/visiongarage.ro\/en\/wp-json\/wp\/v2\/pages\/695\/revisions"}],"predecessor-version":[{"id":696,"href":"https:\/\/visiongarage.ro\/en\/wp-json\/wp\/v2\/pages\/695\/revisions\/696"}],"wp:attachment":[{"href":"https:\/\/visiongarage.ro\/en\/wp-json\/wp\/v2\/media?parent=695"}],"curies":[{"name":"wp","href":"https:\/\/api.w.org\/{rel}","templated":true}]}}