{"id":1541,"date":"2025-11-06T14:08:38","date_gmt":"2025-11-06T12:08:38","guid":{"rendered":"https:\/\/visiongarage.ro\/?post_type=product&#038;p=1541"},"modified":"2025-12-27T16:45:58","modified_gmt":"2025-12-27T14:45:58","slug":"clonare-ecu-tcu-serviciu-local-trimite-modul","status":"publish","type":"product","link":"https:\/\/visiongarage.ro\/en\/product\/clonare-ecu-tcu-serviciu-local-trimite-modul\/","title":{"rendered":"ECU Cloning &amp; Box Computer (TCU) + IMMO Data Transfer \u2013 Plug &amp; Play"},"content":{"rendered":"<p data-start=\"958\" data-end=\"1253\">This service includes the complete cloning of data from the original vehicle computer to the replacement computer, so that the newly installed unit is immediately accepted by the vehicle. The essential data is copied: immobilizer, VIN, codings, configurations and parameters necessary for operation.<\/p>\n<p data-start=\"1255\" data-end=\"1552\">In situations where the original computer is completely inoperable, flooded, burned or has corrupted memory areas, standard cloning is not possible. In these cases we perform advanced IMMO data transfer, a procedure necessary for the replacement unit to become synchronized with the vehicle.<\/p>\n<p data-start=\"1554\" data-end=\"1732\">The service is intended for both individuals and car repair shops that replace engine or transmission computers and need an exact copy of the original data.<\/p>\n<p data-start=\"1734\" data-end=\"2024\">The customer is responsible for choosing a compatible computer and for providing a correct and complete description: symptoms, malfunctions, previous interventions (writings, openings, soldering, modifications). This information is mandatory for the correct evaluation of the operation.<\/p>\n<p data-start=\"2026\" data-end=\"2169\">The service includes data cloning, IMMO transfer when necessary, and final testing on the bench or on the vehicle, depending on the situation.<\/p>\n<hr data-start=\"2171\" data-end=\"2174\" \/>\n<h1 data-start=\"2176\" data-end=\"2199\"><strong data-start=\"2178\" data-end=\"2199\">What to send<\/strong><\/h1>\n<ul data-start=\"2200\" data-end=\"2409\">\n<li data-start=\"2200\" data-end=\"2225\">\n<p data-start=\"2202\" data-end=\"2225\">the original computer<\/p>\n<\/li>\n<li data-start=\"2226\" data-end=\"2265\">\n<p data-start=\"2228\" data-end=\"2265\">exchange computer (new or SH)<\/p>\n<\/li>\n<li data-start=\"2266\" data-end=\"2294\">\n<p data-start=\"2268\" data-end=\"2294\">clear pictures with labels<\/p>\n<\/li>\n<li data-start=\"2295\" data-end=\"2329\">\n<p data-start=\"2297\" data-end=\"2329\">full description of the situation<\/p>\n<\/li>\n<li data-start=\"2330\" data-end=\"2409\">\n<p data-start=\"2332\" data-end=\"2409\">if the unit has been previously visited, this must be explicitly mentioned<\/p>\n<\/li>\n<\/ul>\n<hr data-start=\"2411\" data-end=\"2414\" \/>\n<h1 data-start=\"2416\" data-end=\"2439\"><strong data-start=\"2418\" data-end=\"2439\">What is NOT included<\/strong><\/h1>\n<ul data-start=\"2440\" data-end=\"2595\">\n<li data-start=\"2440\" data-end=\"2469\">\n<p data-start=\"2442\" data-end=\"2469\">assembly\/disassembly on the machine<\/p>\n<\/li>\n<li data-start=\"2470\" data-end=\"2500\">\n<p data-start=\"2472\" data-end=\"2500\">extensive hardware repairs<\/p>\n<\/li>\n<li data-start=\"2501\" data-end=\"2561\">\n<p data-start=\"2503\" data-end=\"2561\">correction of previously performed faulty interventions<\/p>\n<\/li>\n<li data-start=\"2562\" data-end=\"2595\">\n<p data-start=\"2564\" data-end=\"2595\">illegal tuning or modifications<\/p>\n<\/li>\n<\/ul>\n<hr data-start=\"2597\" data-end=\"2600\" \/>\n<h1 data-start=\"2602\" data-end=\"2618\"><strong data-start=\"2604\" data-end=\"2618\">Disclaimer<\/strong><\/h1>\n<p data-start=\"2619\" data-end=\"2793\">All technical names are used solely for compatibility identification. VisionGarage is an independent service and is not affiliated with any car manufacturer.<\/p>","protected":false},"excerpt":{"rendered":"<p data-start=\"482\" data-end=\"891\">Professional cloning service for engine computers and automatic transmissions, with the possibility of advanced IMMO data transfer in cases where the original unit is faulty, does not communicate or has corrupted memory. The replacement computer becomes plug &amp; play with the original data fully copied. The customer is responsible for choosing the compatible unit and for the complete description of the situation.<\/p>","protected":false},"featured_media":3441,"template":"","meta":[],"product_brand":[],"product_cat":[42],"product_tag":[666,769,768,556,771,664,197,341,190,414,665,770,591,185],"class_list":{"0":"post-1541","1":"product","2":"type-product","3":"status-publish","4":"has-post-thumbnail","6":"product_cat-electronica","7":"product_tag-arad","8":"product_tag-clonare-calculator-cutie","9":"product_tag-clonare-calculator-motor","10":"product_tag-clonare-ecu","11":"product_tag-clonare-module-auto","12":"product_tag-clonare-tcu","13":"product_tag-ecu-clone","14":"product_tag-ecu-plug-and-play","15":"product_tag-immo-data","16":"product_tag-immo-transfer","17":"product_tag-tcu-clone","18":"product_tag-tcu-plug-and-play","19":"product_tag-transfer-immo","20":"product_tag-visiongarage","22":"first","23":"instock","24":"shipping-taxable","25":"product-type-simple"},"yoast_head":"<!-- This site is optimized with the Yoast SEO Premium plugin v22.3 (Yoast SEO v26.5) - https:\/\/yoast.com\/wordpress\/plugins\/seo\/ -->\n<title>Clonare ECU &amp; TCU cu transfer date IMMO \u2013 Plug &amp; Play<\/title>\n<meta name=\"description\" content=\"Serviciu profesionist de clonare ECU \u0219i calculator cutie automat\u0103, cu transfer avansat de date IMMO \u00een caz de unitate defect\u0103 sau nefunc\u021bional\u0103.\" \/>\n<meta name=\"robots\" content=\"index, follow, max-snippet:-1, max-image-preview:large, max-video-preview:-1\" \/>\n<link rel=\"canonical\" href=\"https:\/\/visiongarage.ro\/en\/produs\/clonare-ecu-tcu-serviciu-local-trimite-modul\/\" \/>\n<meta property=\"og:locale\" content=\"en_US\" \/>\n<meta property=\"og:type\" content=\"article\" \/>\n<meta property=\"og:title\" content=\"Clonare ECU &amp; Calculator Cutie (TCU) + Transfer Date IMMO \u2013 Plug &amp; Play\" \/>\n<meta property=\"og:description\" content=\"Serviciu profesionist de clonare ECU \u0219i calculator cutie automat\u0103, cu transfer avansat de date IMMO \u00een caz de unitate defect\u0103 sau nefunc\u021bional\u0103.\" \/>\n<meta property=\"og:url\" content=\"https:\/\/visiongarage.ro\/en\/produs\/clonare-ecu-tcu-serviciu-local-trimite-modul\/\" \/>\n<meta property=\"og:site_name\" content=\"Vision Garage - Electronic\u0103 auto\" \/>\n<meta property=\"article:publisher\" content=\"https:\/\/www.facebook.com\/VisionGar\" \/>\n<meta property=\"article:modified_time\" content=\"2025-12-27T14:45:58+00:00\" \/>\n<meta property=\"og:image\" content=\"https:\/\/visiongarage.ro\/wp-content\/uploads\/2025\/11\/ECU-TCU-CLONE-IMMO-DATA-TRANSFER-1.png\" \/>\n\t<meta property=\"og:image:width\" content=\"1024\" \/>\n\t<meta property=\"og:image:height\" content=\"1024\" \/>\n\t<meta property=\"og:image:type\" content=\"image\/png\" \/>\n<meta name=\"twitter:card\" content=\"summary_large_image\" \/>\n<meta name=\"twitter:label1\" content=\"Est. reading time\" \/>\n\t<meta name=\"twitter:data1\" content=\"2 minutes\" \/>\n<script type=\"application\/ld+json\" class=\"yoast-schema-graph\">{\"@context\":\"https:\/\/schema.org\",\"@graph\":[{\"@type\":\"WebPage\",\"@id\":\"https:\/\/visiongarage.ro\/produs\/clonare-ecu-tcu-serviciu-local-trimite-modul\/\",\"url\":\"https:\/\/visiongarage.ro\/produs\/clonare-ecu-tcu-serviciu-local-trimite-modul\/\",\"name\":\"Clonare ECU & TCU cu transfer date IMMO \u2013 Plug & Play\",\"isPartOf\":{\"@id\":\"https:\/\/visiongarage.ro\/#website\"},\"primaryImageOfPage\":{\"@id\":\"https:\/\/visiongarage.ro\/produs\/clonare-ecu-tcu-serviciu-local-trimite-modul\/#primaryimage\"},\"image\":{\"@id\":\"https:\/\/visiongarage.ro\/produs\/clonare-ecu-tcu-serviciu-local-trimite-modul\/#primaryimage\"},\"thumbnailUrl\":\"https:\/\/visiongarage.ro\/wp-content\/uploads\/2025\/11\/ECU-TCU-CLONE-IMMO-DATA-TRANSFER-1.png\",\"datePublished\":\"2025-11-06T12:08:38+00:00\",\"dateModified\":\"2025-12-27T14:45:58+00:00\",\"description\":\"Serviciu profesionist de clonare ECU \u0219i calculator cutie automat\u0103, cu transfer avansat de date IMMO \u00een caz de unitate defect\u0103 sau nefunc\u021bional\u0103.\",\"breadcrumb\":{\"@id\":\"https:\/\/visiongarage.ro\/produs\/clonare-ecu-tcu-serviciu-local-trimite-modul\/#breadcrumb\"},\"inLanguage\":\"en-US\",\"potentialAction\":[{\"@type\":\"ReadAction\",\"target\":[\"https:\/\/visiongarage.ro\/produs\/clonare-ecu-tcu-serviciu-local-trimite-modul\/\"]}]},{\"@type\":\"ImageObject\",\"inLanguage\":\"en-US\",\"@id\":\"https:\/\/visiongarage.ro\/produs\/clonare-ecu-tcu-serviciu-local-trimite-modul\/#primaryimage\",\"url\":\"https:\/\/visiongarage.ro\/wp-content\/uploads\/2025\/11\/ECU-TCU-CLONE-IMMO-DATA-TRANSFER-1.png\",\"contentUrl\":\"https:\/\/visiongarage.ro\/wp-content\/uploads\/2025\/11\/ECU-TCU-CLONE-IMMO-DATA-TRANSFER-1.png\",\"width\":1024,\"height\":1024},{\"@type\":\"BreadcrumbList\",\"@id\":\"https:\/\/visiongarage.ro\/produs\/clonare-ecu-tcu-serviciu-local-trimite-modul\/#breadcrumb\",\"itemListElement\":[{\"@type\":\"ListItem\",\"position\":1,\"name\":\"Prima pagin\u0103\",\"item\":\"https:\/\/visiongarage.ro\/\"},{\"@type\":\"ListItem\",\"position\":2,\"name\":\"Servicii Vision Garage\",\"item\":\"https:\/\/visiongarage.ro\/servicii-vision-garage\/\"},{\"@type\":\"ListItem\",\"position\":3,\"name\":\"Clonare ECU &amp; Calculator Cutie (TCU) + Transfer Date IMMO \u2013 Plug &amp; Play\"}]},{\"@type\":\"WebSite\",\"@id\":\"https:\/\/visiongarage.ro\/#website\",\"url\":\"https:\/\/visiongarage.ro\/\",\"name\":\"Vision Garage - Electronic\u0103 auto\",\"description\":\"VisionGarage Electrician Electronist Auto Arad\",\"publisher\":{\"@id\":\"https:\/\/visiongarage.ro\/#organization\"},\"potentialAction\":[{\"@type\":\"SearchAction\",\"target\":{\"@type\":\"EntryPoint\",\"urlTemplate\":\"https:\/\/visiongarage.ro\/?s={search_term_string}\"},\"query-input\":{\"@type\":\"PropertyValueSpecification\",\"valueRequired\":true,\"valueName\":\"search_term_string\"}}],\"inLanguage\":\"en-US\"},{\"@type\":\"Organization\",\"@id\":\"https:\/\/visiongarage.ro\/#organization\",\"name\":\"Vision Garage - Electronic\u0103 auto\",\"url\":\"https:\/\/visiongarage.ro\/\",\"logo\":{\"@type\":\"ImageObject\",\"inLanguage\":\"en-US\",\"@id\":\"https:\/\/visiongarage.ro\/#\/schema\/logo\/image\/\",\"url\":\"https:\/\/visiongarage.ro\/wp-content\/uploads\/2025\/09\/logo-vision-garrage-1-1.png\",\"contentUrl\":\"https:\/\/visiongarage.ro\/wp-content\/uploads\/2025\/09\/logo-vision-garrage-1-1.png\",\"width\":1000,\"height\":463,\"caption\":\"Vision Garage - Electronic\u0103 auto\"},\"image\":{\"@id\":\"https:\/\/visiongarage.ro\/#\/schema\/logo\/image\/\"},\"sameAs\":[\"https:\/\/www.facebook.com\/VisionGar\"]}]}<\/script>\n<!-- \/ Yoast SEO Premium plugin. -->","yoast_head_json":{"title":"Clonare ECU & TCU cu transfer date IMMO \u2013 Plug & Play","description":"Serviciu profesionist de clonare ECU \u0219i calculator cutie automat\u0103, cu transfer avansat de date IMMO \u00een caz de unitate defect\u0103 sau nefunc\u021bional\u0103.","robots":{"index":"index","follow":"follow","max-snippet":"max-snippet:-1","max-image-preview":"max-image-preview:large","max-video-preview":"max-video-preview:-1"},"canonical":"https:\/\/visiongarage.ro\/en\/produs\/clonare-ecu-tcu-serviciu-local-trimite-modul\/","og_locale":"en_US","og_type":"article","og_title":"Clonare ECU &amp; Calculator Cutie (TCU) + Transfer Date IMMO \u2013 Plug &amp; Play","og_description":"Serviciu profesionist de clonare ECU \u0219i calculator cutie automat\u0103, cu transfer avansat de date IMMO \u00een caz de unitate defect\u0103 sau nefunc\u021bional\u0103.","og_url":"https:\/\/visiongarage.ro\/en\/produs\/clonare-ecu-tcu-serviciu-local-trimite-modul\/","og_site_name":"Vision Garage - Electronic\u0103 auto","article_publisher":"https:\/\/www.facebook.com\/VisionGar","article_modified_time":"2025-12-27T14:45:58+00:00","og_image":[{"width":1024,"height":1024,"url":"https:\/\/visiongarage.ro\/wp-content\/uploads\/2025\/11\/ECU-TCU-CLONE-IMMO-DATA-TRANSFER-1.png","type":"image\/png"}],"twitter_card":"summary_large_image","twitter_misc":{"Est. reading time":"2 minutes"},"schema":{"@context":"https:\/\/schema.org","@graph":[{"@type":"WebPage","@id":"https:\/\/visiongarage.ro\/produs\/clonare-ecu-tcu-serviciu-local-trimite-modul\/","url":"https:\/\/visiongarage.ro\/produs\/clonare-ecu-tcu-serviciu-local-trimite-modul\/","name":"Clonare ECU & TCU cu transfer date IMMO \u2013 Plug & Play","isPartOf":{"@id":"https:\/\/visiongarage.ro\/#website"},"primaryImageOfPage":{"@id":"https:\/\/visiongarage.ro\/produs\/clonare-ecu-tcu-serviciu-local-trimite-modul\/#primaryimage"},"image":{"@id":"https:\/\/visiongarage.ro\/produs\/clonare-ecu-tcu-serviciu-local-trimite-modul\/#primaryimage"},"thumbnailUrl":"https:\/\/visiongarage.ro\/wp-content\/uploads\/2025\/11\/ECU-TCU-CLONE-IMMO-DATA-TRANSFER-1.png","datePublished":"2025-11-06T12:08:38+00:00","dateModified":"2025-12-27T14:45:58+00:00","description":"Serviciu profesionist de clonare ECU \u0219i calculator cutie automat\u0103, cu transfer avansat de date IMMO \u00een caz de unitate defect\u0103 sau nefunc\u021bional\u0103.","breadcrumb":{"@id":"https:\/\/visiongarage.ro\/produs\/clonare-ecu-tcu-serviciu-local-trimite-modul\/#breadcrumb"},"inLanguage":"en-US","potentialAction":[{"@type":"ReadAction","target":["https:\/\/visiongarage.ro\/produs\/clonare-ecu-tcu-serviciu-local-trimite-modul\/"]}]},{"@type":"ImageObject","inLanguage":"en-US","@id":"https:\/\/visiongarage.ro\/produs\/clonare-ecu-tcu-serviciu-local-trimite-modul\/#primaryimage","url":"https:\/\/visiongarage.ro\/wp-content\/uploads\/2025\/11\/ECU-TCU-CLONE-IMMO-DATA-TRANSFER-1.png","contentUrl":"https:\/\/visiongarage.ro\/wp-content\/uploads\/2025\/11\/ECU-TCU-CLONE-IMMO-DATA-TRANSFER-1.png","width":1024,"height":1024},{"@type":"BreadcrumbList","@id":"https:\/\/visiongarage.ro\/produs\/clonare-ecu-tcu-serviciu-local-trimite-modul\/#breadcrumb","itemListElement":[{"@type":"ListItem","position":1,"name":"Prima pagin\u0103","item":"https:\/\/visiongarage.ro\/"},{"@type":"ListItem","position":2,"name":"Servicii Vision Garage","item":"https:\/\/visiongarage.ro\/servicii-vision-garage\/"},{"@type":"ListItem","position":3,"name":"Clonare ECU &amp; Calculator Cutie (TCU) + Transfer Date IMMO \u2013 Plug &amp; Play"}]},{"@type":"WebSite","@id":"https:\/\/visiongarage.ro\/#website","url":"https:\/\/visiongarage.ro\/","name":"Vision Garage - Car Electronics","description":"VisionGarage Electrician Auto Electronics Arad","publisher":{"@id":"https:\/\/visiongarage.ro\/#organization"},"potentialAction":[{"@type":"SearchAction","target":{"@type":"EntryPoint","urlTemplate":"https:\/\/visiongarage.ro\/?s={search_term_string}"},"query-input":{"@type":"PropertyValueSpecification","valueRequired":true,"valueName":"search_term_string"}}],"inLanguage":"en-US"},{"@type":"Organization","@id":"https:\/\/visiongarage.ro\/#organization","name":"Vision Garage - Car Electronics","url":"https:\/\/visiongarage.ro\/","logo":{"@type":"ImageObject","inLanguage":"en-US","@id":"https:\/\/visiongarage.ro\/#\/schema\/logo\/image\/","url":"https:\/\/visiongarage.ro\/wp-content\/uploads\/2025\/09\/logo-vision-garrage-1-1.png","contentUrl":"https:\/\/visiongarage.ro\/wp-content\/uploads\/2025\/09\/logo-vision-garrage-1-1.png","width":1000,"height":463,"caption":"Vision Garage - Electronic\u0103 auto"},"image":{"@id":"https:\/\/visiongarage.ro\/#\/schema\/logo\/image\/"},"sameAs":["https:\/\/www.facebook.com\/VisionGar"]}]}},"jetpack_sharing_enabled":true,"_links":{"self":[{"href":"https:\/\/visiongarage.ro\/en\/wp-json\/wp\/v2\/product\/1541","targetHints":{"allow":["GET"]}}],"collection":[{"href":"https:\/\/visiongarage.ro\/en\/wp-json\/wp\/v2\/product"}],"about":[{"href":"https:\/\/visiongarage.ro\/en\/wp-json\/wp\/v2\/types\/product"}],"wp:featuredmedia":[{"embeddable":true,"href":"https:\/\/visiongarage.ro\/en\/wp-json\/wp\/v2\/media\/3441"}],"wp:attachment":[{"href":"https:\/\/visiongarage.ro\/en\/wp-json\/wp\/v2\/media?parent=1541"}],"wp:term":[{"taxonomy":"product_brand","embeddable":true,"href":"https:\/\/visiongarage.ro\/en\/wp-json\/wp\/v2\/product_brand?post=1541"},{"taxonomy":"product_cat","embeddable":true,"href":"https:\/\/visiongarage.ro\/en\/wp-json\/wp\/v2\/product_cat?post=1541"},{"taxonomy":"product_tag","embeddable":true,"href":"https:\/\/visiongarage.ro\/en\/wp-json\/wp\/v2\/product_tag?post=1541"}],"curies":[{"name":"wp","href":"https:\/\/api.w.org\/{rel}","templated":true}]}}