{"id":602,"date":"2025-09-25T12:19:27","date_gmt":"2025-09-25T12:19:27","guid":{"rendered":"https:\/\/visiongarage.ro\/?post_type=product&#038;p=602"},"modified":"2025-12-27T15:38:46","modified_gmt":"2025-12-27T13:38:46","slug":"descarca-profile-ncsexpert","status":"publish","type":"product","link":"https:\/\/visiongarage.ro\/en\/product\/descarca-profile-ncsexpert\/","title":{"rendered":"NCS Expert BMW Profiles \u2013 Free VisionGarage Set"},"content":{"rendered":"<blockquote>\n<h3 data-start=\"310\" data-end=\"348\">What are NCS Expert BMW profiles?<\/h3>\n<\/blockquote>\n<p data-start=\"349\" data-end=\"588\">NCS Expert BMW profiles are configuration files (.PFL) that define how the NCS Expert program reads and writes encodings from BMW modules.<br data-start=\"501\" data-end=\"504\" \/>A correctly configured profile is essential for achieving secure and accurate encodings.<\/p>\n<hr data-start=\"590\" data-end=\"593\" \/>\n<h3 data-start=\"595\" data-end=\"620\">What&#039;s in the package?<\/h3>\n<p data-start=\"621\" data-end=\"899\">\u2714\ufe0f <strong data-start=\"624\" data-end=\"651\">Revtor&#039;s Expert Profile<\/strong> \u2013 balanced and safe, suitable for general use.<br data-start=\"710\" data-end=\"713\" \/>\u2714\ufe0f <strong data-start=\"716\" data-end=\"730\">Expertmode<\/strong> \u2013 provides full access to writing to modules.<br data-start=\"775\" data-end=\"778\" \/>\u2714\ufe0f <strong data-start=\"781\" data-end=\"795\">handled<\/strong> \u2013 allows modification of FA\/VO (Vehicle Order).<br data-start=\"840\" data-end=\"843\" \/>\u2714\ufe0f <strong data-start=\"846\" data-end=\"857\">Default<\/strong> \u2013 standard profile for simple readings.<\/p>\n<hr data-start=\"901\" data-end=\"904\" \/>\n<h3 data-start=\"906\" data-end=\"927\">Compatibility<\/h3>\n<ul data-start=\"928\" data-end=\"1154\">\n<li data-start=\"928\" data-end=\"964\">\n<p data-start=\"930\" data-end=\"964\">Applications: NCS Expert 3.x and 4.x<\/p>\n<\/li>\n<li data-start=\"965\" data-end=\"1098\">\n<p data-start=\"967\" data-end=\"1098\">Platforms: BMW E-Series (E36, E38, E39, E46, E60, E61, E63\/64, E65\/66, E70\/71, E81\/82\/87\/88, E83, E84, E85\/86, E90\/91\/92\/93, etc.)<\/p>\n<\/li>\n<li data-start=\"1099\" data-end=\"1154\">\n<p data-start=\"1101\" data-end=\"1154\">Operating system: Windows 7 \/ 10 \/ 11 (32 and 64 bit)<\/p>\n<\/li>\n<\/ul>\n<hr data-start=\"1156\" data-end=\"1159\" \/>\n<h3 data-start=\"1161\" data-end=\"1190\">Installation \u2013 quick steps<\/h3>\n<p data-start=\"1191\" data-end=\"1394\">1\ufe0f\u20e3 Unzip the file <strong data-start=\"1217\" data-end=\"1244\">NCS_Expert_Profiles.zip<\/strong>.<br data-start=\"1245\" data-end=\"1248\" \/>2\ufe0f\u20e3 Copy the files <strong data-start=\"1270\" data-end=\"1278\">.PFL<\/strong> in the folder:<br data-start=\"1291\" data-end=\"1294\" \/><code data-start=\"1297\" data-end=\"1314\">C:\\NCSEXPER\\PFL<\/code><br data-start=\"1314\" data-end=\"1317\" \/>3\ufe0f\u20e3 Open NCS Expert \u2192 File \u2192 Load Profile and select the desired profile.<\/p>\n<hr data-start=\"1396\" data-end=\"1399\" \/>\n<h3 data-start=\"1401\" data-end=\"1411\">Note<\/h3>\n<p data-start=\"1412\" data-end=\"1644\">This package is offered free of charge, exclusively for educational and testing purposes.<br data-start=\"1486\" data-end=\"1489\" \/>It does not contain additional instructions, technical support or a guarantee of operation on all software versions.<br data-start=\"1598\" data-end=\"1601\" \/>Use is at your own risk.<\/p>","protected":false},"excerpt":{"rendered":"<p>Free set of profiles for NCS Expert BMW (Revtor, Expertmode, Manipulate, Default). Ideal for testing and learning \u2013 ready-to-use .PFL files.<\/p>","protected":false},"featured_media":3334,"template":"","meta":[],"product_brand":[],"product_cat":[148],"product_tag":[738,742,168,93,739,740,741,185],"class_list":{"0":"post-602","1":"product","2":"type-product","3":"status-publish","4":"has-post-thumbnail","6":"product_cat-free-download","7":"product_tag-bmw-coding","8":"product_tag-bmw-tools","9":"product_tag-codare-bmw","10":"product_tag-ncs-expert","11":"product_tag-profile-ncs-expert","12":"product_tag-revtor-profile","13":"product_tag-software-bmw-gratuit","14":"product_tag-visiongarage","16":"first","17":"instock","18":"downloadable","19":"virtual","20":"product-type-simple"},"yoast_head":"<!-- This site is optimized with the Yoast SEO Premium plugin v22.3 (Yoast SEO v26.5) - https:\/\/yoast.com\/wordpress\/plugins\/seo\/ -->\n<title>Profile NCS Expert BMW \u2013 Desc\u0103rcare gratuit\u0103 | VisionGarage<\/title>\n<meta name=\"description\" content=\"Descarc\u0103 gratuit profilele NCS Expert BMW \u2013 Revtor, Expertmode, Manipulate, Default. Set educativ VisionGarage pentru codare sigur\u0103 \u0219i testare.\" \/>\n<meta name=\"robots\" content=\"index, follow, max-snippet:-1, max-image-preview:large, max-video-preview:-1\" \/>\n<link rel=\"canonical\" href=\"https:\/\/visiongarage.ro\/en\/produs\/descarca-profile-ncsexpert\/\" \/>\n<meta property=\"og:locale\" content=\"en_US\" \/>\n<meta property=\"og:type\" content=\"article\" \/>\n<meta property=\"og:title\" content=\"Profile NCS Expert BMW \u2013 Set gratuit VisionGarage\" \/>\n<meta property=\"og:description\" content=\"Descarc\u0103 gratuit profilele NCS Expert BMW \u2013 Revtor, Expertmode, Manipulate, Default. Set educativ VisionGarage pentru codare sigur\u0103 \u0219i testare.\" \/>\n<meta property=\"og:url\" content=\"https:\/\/visiongarage.ro\/en\/produs\/descarca-profile-ncsexpert\/\" \/>\n<meta property=\"og:site_name\" content=\"Vision Garage - Electronic\u0103 auto\" \/>\n<meta property=\"article:publisher\" content=\"https:\/\/www.facebook.com\/VisionGar\" \/>\n<meta property=\"article:modified_time\" content=\"2025-12-27T13:38:46+00:00\" \/>\n<meta property=\"og:image\" content=\"https:\/\/visiongarage.ro\/wp-content\/uploads\/2025\/12\/freeee-final.png\" \/>\n\t<meta property=\"og:image:width\" content=\"1024\" \/>\n\t<meta property=\"og:image:height\" content=\"1024\" \/>\n\t<meta property=\"og:image:type\" content=\"image\/png\" \/>\n<meta name=\"twitter:card\" content=\"summary_large_image\" \/>\n<meta name=\"twitter:label1\" content=\"Est. reading time\" \/>\n\t<meta name=\"twitter:data1\" content=\"2 minutes\" \/>\n<script type=\"application\/ld+json\" class=\"yoast-schema-graph\">{\"@context\":\"https:\/\/schema.org\",\"@graph\":[{\"@type\":\"WebPage\",\"@id\":\"https:\/\/visiongarage.ro\/produs\/descarca-profile-ncsexpert\/\",\"url\":\"https:\/\/visiongarage.ro\/produs\/descarca-profile-ncsexpert\/\",\"name\":\"Profile NCS Expert BMW \u2013 Desc\u0103rcare gratuit\u0103 | VisionGarage\",\"isPartOf\":{\"@id\":\"https:\/\/visiongarage.ro\/#website\"},\"primaryImageOfPage\":{\"@id\":\"https:\/\/visiongarage.ro\/produs\/descarca-profile-ncsexpert\/#primaryimage\"},\"image\":{\"@id\":\"https:\/\/visiongarage.ro\/produs\/descarca-profile-ncsexpert\/#primaryimage\"},\"thumbnailUrl\":\"https:\/\/visiongarage.ro\/wp-content\/uploads\/2025\/12\/freeee-final.png\",\"datePublished\":\"2025-09-25T12:19:27+00:00\",\"dateModified\":\"2025-12-27T13:38:46+00:00\",\"description\":\"Descarc\u0103 gratuit profilele NCS Expert BMW \u2013 Revtor, Expertmode, Manipulate, Default. Set educativ VisionGarage pentru codare sigur\u0103 \u0219i testare.\",\"breadcrumb\":{\"@id\":\"https:\/\/visiongarage.ro\/produs\/descarca-profile-ncsexpert\/#breadcrumb\"},\"inLanguage\":\"en-US\",\"potentialAction\":[{\"@type\":\"ReadAction\",\"target\":[\"https:\/\/visiongarage.ro\/produs\/descarca-profile-ncsexpert\/\"]}]},{\"@type\":\"ImageObject\",\"inLanguage\":\"en-US\",\"@id\":\"https:\/\/visiongarage.ro\/produs\/descarca-profile-ncsexpert\/#primaryimage\",\"url\":\"https:\/\/visiongarage.ro\/wp-content\/uploads\/2025\/12\/freeee-final.png\",\"contentUrl\":\"https:\/\/visiongarage.ro\/wp-content\/uploads\/2025\/12\/freeee-final.png\",\"width\":1024,\"height\":1024},{\"@type\":\"BreadcrumbList\",\"@id\":\"https:\/\/visiongarage.ro\/produs\/descarca-profile-ncsexpert\/#breadcrumb\",\"itemListElement\":[{\"@type\":\"ListItem\",\"position\":1,\"name\":\"Prima pagin\u0103\",\"item\":\"https:\/\/visiongarage.ro\/\"},{\"@type\":\"ListItem\",\"position\":2,\"name\":\"Servicii Vision Garage\",\"item\":\"https:\/\/visiongarage.ro\/servicii-vision-garage\/\"},{\"@type\":\"ListItem\",\"position\":3,\"name\":\"Profile NCS Expert BMW \u2013 Set gratuit VisionGarage\"}]},{\"@type\":\"WebSite\",\"@id\":\"https:\/\/visiongarage.ro\/#website\",\"url\":\"https:\/\/visiongarage.ro\/\",\"name\":\"Vision Garage - Electronic\u0103 auto\",\"description\":\"VisionGarage Electrician Electronist Auto Arad\",\"publisher\":{\"@id\":\"https:\/\/visiongarage.ro\/#organization\"},\"potentialAction\":[{\"@type\":\"SearchAction\",\"target\":{\"@type\":\"EntryPoint\",\"urlTemplate\":\"https:\/\/visiongarage.ro\/?s={search_term_string}\"},\"query-input\":{\"@type\":\"PropertyValueSpecification\",\"valueRequired\":true,\"valueName\":\"search_term_string\"}}],\"inLanguage\":\"en-US\"},{\"@type\":\"Organization\",\"@id\":\"https:\/\/visiongarage.ro\/#organization\",\"name\":\"Vision Garage - Electronic\u0103 auto\",\"url\":\"https:\/\/visiongarage.ro\/\",\"logo\":{\"@type\":\"ImageObject\",\"inLanguage\":\"en-US\",\"@id\":\"https:\/\/visiongarage.ro\/#\/schema\/logo\/image\/\",\"url\":\"https:\/\/visiongarage.ro\/wp-content\/uploads\/2025\/09\/logo-vision-garrage-1-1.png\",\"contentUrl\":\"https:\/\/visiongarage.ro\/wp-content\/uploads\/2025\/09\/logo-vision-garrage-1-1.png\",\"width\":1000,\"height\":463,\"caption\":\"Vision Garage - Electronic\u0103 auto\"},\"image\":{\"@id\":\"https:\/\/visiongarage.ro\/#\/schema\/logo\/image\/\"},\"sameAs\":[\"https:\/\/www.facebook.com\/VisionGar\"]}]}<\/script>\n<!-- \/ Yoast SEO Premium plugin. -->","yoast_head_json":{"title":"Profile NCS Expert BMW \u2013 Desc\u0103rcare gratuit\u0103 | VisionGarage","description":"Descarc\u0103 gratuit profilele NCS Expert BMW \u2013 Revtor, Expertmode, Manipulate, Default. Set educativ VisionGarage pentru codare sigur\u0103 \u0219i testare.","robots":{"index":"index","follow":"follow","max-snippet":"max-snippet:-1","max-image-preview":"max-image-preview:large","max-video-preview":"max-video-preview:-1"},"canonical":"https:\/\/visiongarage.ro\/en\/produs\/descarca-profile-ncsexpert\/","og_locale":"en_US","og_type":"article","og_title":"Profile NCS Expert BMW \u2013 Set gratuit VisionGarage","og_description":"Descarc\u0103 gratuit profilele NCS Expert BMW \u2013 Revtor, Expertmode, Manipulate, Default. Set educativ VisionGarage pentru codare sigur\u0103 \u0219i testare.","og_url":"https:\/\/visiongarage.ro\/en\/produs\/descarca-profile-ncsexpert\/","og_site_name":"Vision Garage - Electronic\u0103 auto","article_publisher":"https:\/\/www.facebook.com\/VisionGar","article_modified_time":"2025-12-27T13:38:46+00:00","og_image":[{"width":1024,"height":1024,"url":"https:\/\/visiongarage.ro\/wp-content\/uploads\/2025\/12\/freeee-final.png","type":"image\/png"}],"twitter_card":"summary_large_image","twitter_misc":{"Est. reading time":"2 minutes"},"schema":{"@context":"https:\/\/schema.org","@graph":[{"@type":"WebPage","@id":"https:\/\/visiongarage.ro\/produs\/descarca-profile-ncsexpert\/","url":"https:\/\/visiongarage.ro\/produs\/descarca-profile-ncsexpert\/","name":"Profile NCS Expert BMW \u2013 Desc\u0103rcare gratuit\u0103 | VisionGarage","isPartOf":{"@id":"https:\/\/visiongarage.ro\/#website"},"primaryImageOfPage":{"@id":"https:\/\/visiongarage.ro\/produs\/descarca-profile-ncsexpert\/#primaryimage"},"image":{"@id":"https:\/\/visiongarage.ro\/produs\/descarca-profile-ncsexpert\/#primaryimage"},"thumbnailUrl":"https:\/\/visiongarage.ro\/wp-content\/uploads\/2025\/12\/freeee-final.png","datePublished":"2025-09-25T12:19:27+00:00","dateModified":"2025-12-27T13:38:46+00:00","description":"Descarc\u0103 gratuit profilele NCS Expert BMW \u2013 Revtor, Expertmode, Manipulate, Default. Set educativ VisionGarage pentru codare sigur\u0103 \u0219i testare.","breadcrumb":{"@id":"https:\/\/visiongarage.ro\/produs\/descarca-profile-ncsexpert\/#breadcrumb"},"inLanguage":"en-US","potentialAction":[{"@type":"ReadAction","target":["https:\/\/visiongarage.ro\/produs\/descarca-profile-ncsexpert\/"]}]},{"@type":"ImageObject","inLanguage":"en-US","@id":"https:\/\/visiongarage.ro\/produs\/descarca-profile-ncsexpert\/#primaryimage","url":"https:\/\/visiongarage.ro\/wp-content\/uploads\/2025\/12\/freeee-final.png","contentUrl":"https:\/\/visiongarage.ro\/wp-content\/uploads\/2025\/12\/freeee-final.png","width":1024,"height":1024},{"@type":"BreadcrumbList","@id":"https:\/\/visiongarage.ro\/produs\/descarca-profile-ncsexpert\/#breadcrumb","itemListElement":[{"@type":"ListItem","position":1,"name":"Prima pagin\u0103","item":"https:\/\/visiongarage.ro\/"},{"@type":"ListItem","position":2,"name":"Servicii Vision Garage","item":"https:\/\/visiongarage.ro\/servicii-vision-garage\/"},{"@type":"ListItem","position":3,"name":"Profile NCS Expert BMW \u2013 Set gratuit VisionGarage"}]},{"@type":"WebSite","@id":"https:\/\/visiongarage.ro\/#website","url":"https:\/\/visiongarage.ro\/","name":"Vision Garage - Car Electronics","description":"VisionGarage Electrician Auto Electronics Arad","publisher":{"@id":"https:\/\/visiongarage.ro\/#organization"},"potentialAction":[{"@type":"SearchAction","target":{"@type":"EntryPoint","urlTemplate":"https:\/\/visiongarage.ro\/?s={search_term_string}"},"query-input":{"@type":"PropertyValueSpecification","valueRequired":true,"valueName":"search_term_string"}}],"inLanguage":"en-US"},{"@type":"Organization","@id":"https:\/\/visiongarage.ro\/#organization","name":"Vision Garage - Car Electronics","url":"https:\/\/visiongarage.ro\/","logo":{"@type":"ImageObject","inLanguage":"en-US","@id":"https:\/\/visiongarage.ro\/#\/schema\/logo\/image\/","url":"https:\/\/visiongarage.ro\/wp-content\/uploads\/2025\/09\/logo-vision-garrage-1-1.png","contentUrl":"https:\/\/visiongarage.ro\/wp-content\/uploads\/2025\/09\/logo-vision-garrage-1-1.png","width":1000,"height":463,"caption":"Vision Garage - Electronic\u0103 auto"},"image":{"@id":"https:\/\/visiongarage.ro\/#\/schema\/logo\/image\/"},"sameAs":["https:\/\/www.facebook.com\/VisionGar"]}]}},"jetpack_sharing_enabled":true,"_links":{"self":[{"href":"https:\/\/visiongarage.ro\/en\/wp-json\/wp\/v2\/product\/602","targetHints":{"allow":["GET"]}}],"collection":[{"href":"https:\/\/visiongarage.ro\/en\/wp-json\/wp\/v2\/product"}],"about":[{"href":"https:\/\/visiongarage.ro\/en\/wp-json\/wp\/v2\/types\/product"}],"wp:featuredmedia":[{"embeddable":true,"href":"https:\/\/visiongarage.ro\/en\/wp-json\/wp\/v2\/media\/3334"}],"wp:attachment":[{"href":"https:\/\/visiongarage.ro\/en\/wp-json\/wp\/v2\/media?parent=602"}],"wp:term":[{"taxonomy":"product_brand","embeddable":true,"href":"https:\/\/visiongarage.ro\/en\/wp-json\/wp\/v2\/product_brand?post=602"},{"taxonomy":"product_cat","embeddable":true,"href":"https:\/\/visiongarage.ro\/en\/wp-json\/wp\/v2\/product_cat?post=602"},{"taxonomy":"product_tag","embeddable":true,"href":"https:\/\/visiongarage.ro\/en\/wp-json\/wp\/v2\/product_tag?post=602"}],"curies":[{"name":"wp","href":"https:\/\/api.w.org\/{rel}","templated":true}]}}